{"id":104,"date":"2019-08-21T20:03:03","date_gmt":"2019-08-21T20:03:03","guid":{"rendered":"http:\/\/puf.rs\/wordpress\/?page_id=104"},"modified":"2021-05-24T20:42:20","modified_gmt":"2021-05-24T18:42:20","slug":"program","status":"publish","type":"page","link":"https:\/\/puf.rs\/index.php\/program\/","title":{"rendered":"Program"},"content":{"rendered":"\n\n\n\n<div style=\"height:50px\" aria-hidden=\"true\" class=\"wp-block-spacer\"><\/div>\n\n\n\n<p>Neke od vrednosti na kojima se na\u0161a politi\u010dka platforma zasniva su:<\/p>\n\n\n\n<h2 class=\"has-palette-color-2-color has-text-color wp-block-heading\">Vladavina prava, efikasan javni sektor, ure\u0111ena dr\u017eava<\/h2>\n\n\n\n<p>Gra\u0111ani i dr\u017eava su kao ku\u0107a i uku\u0107ani. Ku\u0107a koju smo nasledili mo\u017eda i nije ba\u0161 onakva kakvu bi \u017eeleli, ali je na\u0161a. Imamo obavezu prema njoj, da je okre\u010dimo, o\u010distimo, dovedemo u funkcionalno stanje. Ne smemo je prepustiti strancima koji nemaju nikakvu emociju prema njoj i nemaju problem da je sru\u0161e, ali ni bahatoj bra\u0107i i sestrama koji prave nakaradne nadogradnje, koje mogu da se sru\u010de na glavu i nama i na\u0161im kom\u0161ijama\u2026.<\/p>\n\n\n\n<p>\u00a0\u00a0\u00a0\u00a0\u00a0\u00a0\u00a0\u00a0\u00a0 Temelj svake dr\u017eave je <em>ure\u0111en pravni poredak zasnovan na ustavnosti, zakonitosti, pravnoj sigurnosti i neselektivnoj pravdi, sa nultom tolerancijom za kriminal i korupciju<\/em>, pre svega u okvirima samog sitema. Nose\u0107e stubove \u010dini <em>ure\u0111en, demokratski, politi\u010dki sistem koji omogu\u0107ava da o javnom interesu odlu\u010duju stru\u010dni, odgovorni i hrabri ljudi, nezavisni u svom radu<\/em>, sistem koji daje prostor politi\u010dkim partijama i levice i desnice i manjinama i ve\u0107ini. Ali te <em>politi\u010dke partije moraju biti u okvirima zakona, a ne kriminalne organizacije<\/em>, po\u010dev od finansiranja, pa do javnog delovanja. U na\u0161oj ku\u0107i se ose\u0107a zadah memle koju stvaraju mediji, od koje nastaju razli\u010dite bolest, nije dovoljno samo provetriti, <em>potrebno je kompetno renovirati medijski prostor, da bi moglo da se slobono di\u0161e<\/em>.. Na krovu na\u0161e ku\u0107e mora stajati zastava, zastava <em>novog patriotizma, novog identiteta, stare evropske nacije.<\/em><\/p>\n\n\n\n<h2 class=\"has-palette-color-2-color has-text-color wp-block-heading\">Odr\u017eiv ekonomski model<\/h2>\n\n\n\n<p>Migracije stanovni\u0161tva najbolje oslikavaju odr\u017eivost ekonomije neke zemlje. Ljudi spontano prate tokove kapitala ili prosto idu trbuhom za kruhom. Trend emigriranja iz Srbije iz ekonomskih razloga prisutan je vi\u0161e od pedeset godina, ali talas iz devedesetih i u poslednjih deset godina dobio je galopiraju\u0107e razmere. Postoji jedna zemlja u Evropi koja je dokaz da je mogu\u0107e preokrenuti taj trend. Gotovo stogodi\u0161nje siroma\u0161tvo, glad, rat sa mo\u0107nim susedom naterali su milione Iraca u u emigraciju, ali od \u0161ezdesetih godina pro\u0161log veka situacija se menja. Zajedni\u010dkim delovanjem brojnih \u010dinilaca pre svega zaista uspostavljenom partnerstvu radnika, vlade i&nbsp; privrednika do\u0161lo je do preobra\u017eaja irske privrede. Liberalizaciju i otvaranje doma\u0107eg tr\u017ei\u0161ta, uspe\u0161no privla\u010denje stranih investicija u podru\u010dju visokih tehnologija, pratilo je uspostavljanje fleksibilnog radnog zakonodavstva i sistema socijalne sigurnosti, kao i kreiranje visokokvalifikovane radne snage, stvorene zahvaljuju\u0107i pa\u017eljivo planiranom obrazovnom sistemu koji oslu\u0161kuje potrebe privrede i smernice razvojnih strategija.<\/p>\n\n\n\n<p>U Srbiji dr\u017eavno pogodovanje krupnom kapitalu i bankarsko-korupcijskim interesnim grupama naziva se privla\u010denje stranih investicija, a podela dr\u017eavnih resursa i unosnih poslova na izgradnji infrastrukture strate\u0161kom saradnjom sa pojedinim zemljama.<\/p>\n\n\n\n<p><em>Otvorena ekonomija<\/em>, ali i <em>jasna za\u0161tita javnog interesa<\/em> i <em>\u010dvrsto i iskreno socijalno partnerstvo<\/em>, <em>visokokvalitetne strane investicije<\/em> koje je privukla <em>visokokvalitetna, a ne jeftina radna snaga<\/em>, <em>upravljanje sopstenim resursima, a ne besomu\u010dna prodaja<\/em> <em>zarad provizija<\/em>, i<em>zgradnja infrastrukture u skladu sa razvojnim smernicama, a ne u skladu sa interesima sumnjivog kapitala<\/em>, su osnove za uspostavljanje modela u kome ekonomski rast unapre\u0111uje kvalitet \u017eivota svih gra\u0111ana, umesto da stvara tranzicione gubitnike i ekstraprofitere.<\/p>\n\n\n\n<h2 class=\"has-palette-color-2-color has-text-color wp-block-heading\">\u017divot dostojan \u010doveka<\/h2>\n\n\n\n<p>Prema izve\u0161ataju Svetskog ekonomskog foruma Srbija je po indikatoru \u201ckapacitet za zadr\u017eavanje talenata\u201d na 134. mestu, a po indikatoru \u201ckapacitet za privla\u010denje talenata\u201d na 132. mestu od ukupno 137 zemalja. \u0160ta je to \u0161to odbija talentovane ljude? Sigurno nisu prirodne odlike ili klima. Svi su ljudi vredni pa\u017enje, ali odlazak talenata, koji su nosioci znanja i inovacija koje su bitni \u010dinioci razvoja, govori da pametni ljudi ne veruju da je u Srbiji mogu\u0107e \u017eiveti kvalitetan \u017eivot i graditi budu\u0107nost.&nbsp;<\/p>\n\n\n\n<p><em>&nbsp;&nbsp;&nbsp;&nbsp;&nbsp;&nbsp;&nbsp;&nbsp;&nbsp; \u017diveti u zdravoj i podsticajnoj sredini je prava mera kvaliteta \u017eivota<\/em>. Za svaku porodicu, pored sigurnosti u obezbe\u0111ivanju osnovnih \u017eivotnih potreba najzna\u010dajniji faktori za kvalitetan \u017eivot su <em>zdravlje, obrazovanje, bezbednost i zdrava \u017eivotna sredina<\/em>. Za razliku od industrije od koje je malo toga pre\u017eivelo, infrastruktura u obrazovnom i zdravstvenom sistemu koju smo nasledili iz socijalisti\u010dkog perioida pru\u017ea osnovu za razvoj. Reforma ova dva sistema je veliki \u0161ansa da poka\u017eemo da \u017eivot u Srbiji mo\u017ee biti kvalitetan. Jo\u0161 uvek ubiramo plodove <em>sistema sporta<\/em> koji je uspostavljen u SFRJ, iako motivisani pohlepom se svojski trudimo da ga uni\u0161timo, umesto da ga modernizujemo.<\/p>\n\n\n\n<p>\u00a0\u00a0\u00a0\u00a0\u00a0\u00a0\u00a0\u00a0\u00a0 Zdrava hrana i lepa priroda je ono \u010dime se \u010desto hvalimo i ponosimo. To i jeste ne\u0161to \u0161to je postalo vrlo cenjeno globalno, ali na\u0161 <em>odnos prema prirodnom okru\u017eenju je katastrofalan i mora da se iz korena promeni kako bi to stvarno postala na\u0161a razvojna prednost<\/em>.\u00a0<\/p>\n\n\n\n<h2 class=\"has-palette-color-2-color has-text-color wp-block-heading\">Socijalno osetljivo dru\u0161tvo<\/h2>\n\n\n\n<p>Ako postoji jedna re\u010d kojom je mogu\u0107e opisati ovaj narod onda je to SOLIDARNOST. Gde god smo imali uspeha on je nesumnjivo zasnovan na solidarnosti. Ratovi, neda\u0107e koje su nas pregazile, stvorile su dru\u0161tvo u kojem \u017eivi veliki broj izbeglica i ljudi koji su migrirali iz ekonomskih razloga, starih ljudi o kojima nema ko da brine, siroma\u0161nih, ljudi koji su u poznim godinam ostali bez posla, \u017ertava porodi\u010dnog nasilja.&nbsp;<\/p>\n\n\n\n<p>Veliki broj humanitarnih akcija pokazuje da kao dru\u0161tvo nismo izgubili empatiju, ali nedostaju institucije koje povezuju atomizirano dru\u0161tvo u kvalitetne zajenice. Crkva i druge verske zajednice, humanitarne organizacije, strukovne organizacije, sportski klubovi, organizacije civilnog dru\u0161tva, sindikati, gra\u0111anske inicijative predstavljaju vezivno tkivo dru\u0161tva i njihova uloga i mesto u savremenom dru\u0161tvu je od nemerljivog zna\u010daja.&nbsp;<\/p>\n\n\n\n<p><em>Briga o svojoj porodici, ali i briga da svaka porodica u ovoj zemlji ima dobre uslove za \u017eivot je\u00a0 najve\u0107i potencijal koji se mora probuditi.<\/em><\/p>\n\n\n\n<h2 class=\"has-palette-color-2-color has-text-color wp-block-heading\">Pogled u budu\u0107nost<\/h2>\n\n\n\n<p>\u201cU ovoj zemlji najvi\u0161e glasova se dobije na razlikama, ako ka\u017eete oni su nam krivi\u2026 Mi se lako ujedinjujemo protiv nekoga, a te\u0161ko se ujedinjujemo za sebe\u2026\u201d Pripadamo generaciji koja u ovoj zemlji ne\u0107e do\u017eiveti standard svojih vr\u0161njaka iz Evropske unije, pre\u017eiveli smo bombradovanje, sankcije, ekonomski i dru\u0161tveni slom. Na\u0161a misija je da na\u0161a deca to nikad ne do\u017eive, ve\u0107 da se pribli\u017ee \u017eivotu svojih vr\u0161njaka iz Evropske unije, bez obzira \u0161to mo\u017eda Evropska unija ne \u017eeli da nam dopusti \u010dlanstvo. Ova zemlja mora ispuniti kriterijume za \u010dlanstvo u Evropskoj uniji, zbog sebe, ne zbog evropske unije. Ova zemlja mora \u017eiveti i po\u0161tovati evropske vrednosti, jer tako pi\u0161e u njenom Ustavu. Ova zemlja mora biti najbolje \u0161to Evropa mo\u017ee da ponudi, da bi se Evropa setila zbog \u010dega se ustvari ujedinila.<\/p>\n","protected":false},"excerpt":{"rendered":"<p>Neke od vrednosti na kojima se na\u0161a politi\u010dka platforma zasniva su: Vladavina prava, efikasan javni sektor, ure\u0111ena dr\u017eava Gra\u0111ani i dr\u017eava su kao ku\u0107a i uku\u0107ani. Ku\u0107a koju smo nasledili mo\u017eda i nije ba\u0161 onakva kakvu bi \u017eeleli, ali je na\u0161a. Imamo obavezu prema njoj, da je okre\u010dimo, o\u010distimo, dovedemo u funkcionalno stanje. Ne smemo [&hellip;]<\/p>\n","protected":false},"author":2,"featured_media":0,"parent":0,"menu_order":0,"comment_status":"closed","ping_status":"closed","template":"","meta":{"footnotes":""},"class_list":["post-104","page","type-page","status-publish","hentry"],"blocksy_meta":{"styles_descriptor":{"styles":{"desktop":"","tablet":"","mobile":""},"google_fonts":[]}},"yoast_head":"<!-- This site is optimized with the Yoast SEO plugin v26.6 - https:\/\/yoast.com\/wordpress\/plugins\/seo\/ -->\n<title>Program &#8902; PUF<\/title>\n<meta name=\"robots\" content=\"index, follow, max-snippet:-1, max-image-preview:large, max-video-preview:-1\" \/>\n<link rel=\"canonical\" href=\"https:\/\/puf.rs\/index.php\/program\/\" \/>\n<meta property=\"og:locale\" content=\"en_US\" \/>\n<meta property=\"og:type\" content=\"article\" \/>\n<meta property=\"og:title\" content=\"Program &#8902; PUF\" \/>\n<meta property=\"og:description\" content=\"Neke od vrednosti na kojima se na\u0161a politi\u010dka platforma zasniva su: Vladavina prava, efikasan javni sektor, ure\u0111ena dr\u017eava Gra\u0111ani i dr\u017eava su kao ku\u0107a i uku\u0107ani. Ku\u0107a koju smo nasledili mo\u017eda i nije ba\u0161 onakva kakvu bi \u017eeleli, ali je na\u0161a. Imamo obavezu prema njoj, da je okre\u010dimo, o\u010distimo, dovedemo u funkcionalno stanje. Ne smemo [&hellip;]\" \/>\n<meta property=\"og:url\" content=\"https:\/\/puf.rs\/index.php\/program\/\" \/>\n<meta property=\"og:site_name\" content=\"PUF\" \/>\n<meta property=\"article:publisher\" content=\"https:\/\/www.facebook.com\/Pokretujedinjenihfantoma\/\" \/>\n<meta property=\"article:modified_time\" content=\"2021-05-24T18:42:20+00:00\" \/>\n<meta property=\"og:image\" content=\"https:\/\/puf.rs\/wp-content\/uploads\/2020\/01\/2.png\" \/>\n\t<meta property=\"og:image:width\" content=\"4724\" \/>\n\t<meta property=\"og:image:height\" content=\"3543\" \/>\n\t<meta property=\"og:image:type\" content=\"image\/png\" \/>\n<meta name=\"twitter:card\" content=\"summary_large_image\" \/>\n<meta name=\"twitter:image\" content=\"https:\/\/puf.rs\/wp-content\/uploads\/2020\/01\/2.png\" \/>\n<meta name=\"twitter:site\" content=\"@FantomiSRB\" \/>\n<meta name=\"twitter:label1\" content=\"Est. reading time\" \/>\n\t<meta name=\"twitter:data1\" content=\"5 minutes\" \/>\n<script type=\"application\/ld+json\" class=\"yoast-schema-graph\">{\"@context\":\"https:\/\/schema.org\",\"@graph\":[{\"@type\":\"WebPage\",\"@id\":\"https:\/\/puf.rs\/index.php\/program\/\",\"url\":\"https:\/\/puf.rs\/index.php\/program\/\",\"name\":\"Program &#8902; PUF\",\"isPartOf\":{\"@id\":\"https:\/\/puf.rs\/#website\"},\"datePublished\":\"2019-08-21T20:03:03+00:00\",\"dateModified\":\"2021-05-24T18:42:20+00:00\",\"breadcrumb\":{\"@id\":\"https:\/\/puf.rs\/index.php\/program\/#breadcrumb\"},\"inLanguage\":\"en-US\",\"potentialAction\":[{\"@type\":\"ReadAction\",\"target\":[\"https:\/\/puf.rs\/index.php\/program\/\"]}]},{\"@type\":\"BreadcrumbList\",\"@id\":\"https:\/\/puf.rs\/index.php\/program\/#breadcrumb\",\"itemListElement\":[{\"@type\":\"ListItem\",\"position\":1,\"name\":\"Home\",\"item\":\"https:\/\/puf.rs\/\"},{\"@type\":\"ListItem\",\"position\":2,\"name\":\"Program\"}]},{\"@type\":\"WebSite\",\"@id\":\"https:\/\/puf.rs\/#website\",\"url\":\"https:\/\/puf.rs\/\",\"name\":\"PUF\",\"description\":\"Pokret ujedinjenih fantoma\",\"publisher\":{\"@id\":\"https:\/\/puf.rs\/#organization\"},\"potentialAction\":[{\"@type\":\"SearchAction\",\"target\":{\"@type\":\"EntryPoint\",\"urlTemplate\":\"https:\/\/puf.rs\/?s={search_term_string}\"},\"query-input\":{\"@type\":\"PropertyValueSpecification\",\"valueRequired\":true,\"valueName\":\"search_term_string\"}}],\"inLanguage\":\"en-US\"},{\"@type\":\"Organization\",\"@id\":\"https:\/\/puf.rs\/#organization\",\"name\":\"Pokret ujedinjenih fantoma\",\"url\":\"https:\/\/puf.rs\/\",\"logo\":{\"@type\":\"ImageObject\",\"inLanguage\":\"en-US\",\"@id\":\"https:\/\/puf.rs\/#\/schema\/logo\/image\/\",\"url\":\"https:\/\/puf.rs\/wp-content\/uploads\/2019\/08\/logo.png\",\"contentUrl\":\"https:\/\/puf.rs\/wp-content\/uploads\/2019\/08\/logo.png\",\"width\":376,\"height\":376,\"caption\":\"Pokret ujedinjenih fantoma\"},\"image\":{\"@id\":\"https:\/\/puf.rs\/#\/schema\/logo\/image\/\"},\"sameAs\":[\"https:\/\/www.facebook.com\/Pokretujedinjenihfantoma\/\",\"https:\/\/x.com\/FantomiSRB\",\"https:\/\/www.instagram.com\/fantomisrb\/\",\"https:\/\/www.youtube.com\/channel\/UCuKwyPhCS1WsxE0sr-Uzh5Q\/\"]}]}<\/script>\n<!-- \/ Yoast SEO plugin. -->","yoast_head_json":{"title":"Program &#8902; PUF","robots":{"index":"index","follow":"follow","max-snippet":"max-snippet:-1","max-image-preview":"max-image-preview:large","max-video-preview":"max-video-preview:-1"},"canonical":"https:\/\/puf.rs\/index.php\/program\/","og_locale":"en_US","og_type":"article","og_title":"Program &#8902; PUF","og_description":"Neke od vrednosti na kojima se na\u0161a politi\u010dka platforma zasniva su: Vladavina prava, efikasan javni sektor, ure\u0111ena dr\u017eava Gra\u0111ani i dr\u017eava su kao ku\u0107a i uku\u0107ani. Ku\u0107a koju smo nasledili mo\u017eda i nije ba\u0161 onakva kakvu bi \u017eeleli, ali je na\u0161a. Imamo obavezu prema njoj, da je okre\u010dimo, o\u010distimo, dovedemo u funkcionalno stanje. Ne smemo [&hellip;]","og_url":"https:\/\/puf.rs\/index.php\/program\/","og_site_name":"PUF","article_publisher":"https:\/\/www.facebook.com\/Pokretujedinjenihfantoma\/","article_modified_time":"2021-05-24T18:42:20+00:00","og_image":[{"width":4724,"height":3543,"url":"https:\/\/puf.rs\/wp-content\/uploads\/2020\/01\/2.png","type":"image\/png"}],"twitter_card":"summary_large_image","twitter_image":"https:\/\/puf.rs\/wp-content\/uploads\/2020\/01\/2.png","twitter_site":"@FantomiSRB","twitter_misc":{"Est. reading time":"5 minutes"},"schema":{"@context":"https:\/\/schema.org","@graph":[{"@type":"WebPage","@id":"https:\/\/puf.rs\/index.php\/program\/","url":"https:\/\/puf.rs\/index.php\/program\/","name":"Program &#8902; PUF","isPartOf":{"@id":"https:\/\/puf.rs\/#website"},"datePublished":"2019-08-21T20:03:03+00:00","dateModified":"2021-05-24T18:42:20+00:00","breadcrumb":{"@id":"https:\/\/puf.rs\/index.php\/program\/#breadcrumb"},"inLanguage":"en-US","potentialAction":[{"@type":"ReadAction","target":["https:\/\/puf.rs\/index.php\/program\/"]}]},{"@type":"BreadcrumbList","@id":"https:\/\/puf.rs\/index.php\/program\/#breadcrumb","itemListElement":[{"@type":"ListItem","position":1,"name":"Home","item":"https:\/\/puf.rs\/"},{"@type":"ListItem","position":2,"name":"Program"}]},{"@type":"WebSite","@id":"https:\/\/puf.rs\/#website","url":"https:\/\/puf.rs\/","name":"PUF","description":"Pokret ujedinjenih fantoma","publisher":{"@id":"https:\/\/puf.rs\/#organization"},"potentialAction":[{"@type":"SearchAction","target":{"@type":"EntryPoint","urlTemplate":"https:\/\/puf.rs\/?s={search_term_string}"},"query-input":{"@type":"PropertyValueSpecification","valueRequired":true,"valueName":"search_term_string"}}],"inLanguage":"en-US"},{"@type":"Organization","@id":"https:\/\/puf.rs\/#organization","name":"Pokret ujedinjenih fantoma","url":"https:\/\/puf.rs\/","logo":{"@type":"ImageObject","inLanguage":"en-US","@id":"https:\/\/puf.rs\/#\/schema\/logo\/image\/","url":"https:\/\/puf.rs\/wp-content\/uploads\/2019\/08\/logo.png","contentUrl":"https:\/\/puf.rs\/wp-content\/uploads\/2019\/08\/logo.png","width":376,"height":376,"caption":"Pokret ujedinjenih fantoma"},"image":{"@id":"https:\/\/puf.rs\/#\/schema\/logo\/image\/"},"sameAs":["https:\/\/www.facebook.com\/Pokretujedinjenihfantoma\/","https:\/\/x.com\/FantomiSRB","https:\/\/www.instagram.com\/fantomisrb\/","https:\/\/www.youtube.com\/channel\/UCuKwyPhCS1WsxE0sr-Uzh5Q\/"]}]}},"_links":{"self":[{"href":"https:\/\/puf.rs\/index.php\/wp-json\/wp\/v2\/pages\/104","targetHints":{"allow":["GET"]}}],"collection":[{"href":"https:\/\/puf.rs\/index.php\/wp-json\/wp\/v2\/pages"}],"about":[{"href":"https:\/\/puf.rs\/index.php\/wp-json\/wp\/v2\/types\/page"}],"author":[{"embeddable":true,"href":"https:\/\/puf.rs\/index.php\/wp-json\/wp\/v2\/users\/2"}],"replies":[{"embeddable":true,"href":"https:\/\/puf.rs\/index.php\/wp-json\/wp\/v2\/comments?post=104"}],"version-history":[{"count":9,"href":"https:\/\/puf.rs\/index.php\/wp-json\/wp\/v2\/pages\/104\/revisions"}],"predecessor-version":[{"id":692,"href":"https:\/\/puf.rs\/index.php\/wp-json\/wp\/v2\/pages\/104\/revisions\/692"}],"wp:attachment":[{"href":"https:\/\/puf.rs\/index.php\/wp-json\/wp\/v2\/media?parent=104"}],"curies":[{"name":"wp","href":"https:\/\/api.w.org\/{rel}","templated":true}]}}