{"id":43,"date":"2019-08-20T17:33:14","date_gmt":"2019-08-20T17:33:14","guid":{"rendered":"http:\/\/puf.rs\/wordpress\/?page_id=43"},"modified":"2021-05-24T11:32:43","modified_gmt":"2021-05-24T09:32:43","slug":"pokret-ujedinjenih-fantoma-2","status":"publish","type":"page","link":"https:\/\/puf.rs\/index.php\/pokret-ujedinjenih-fantoma-2\/","title":{"rendered":"Ko smo?"},"content":{"rendered":"\n\n\n\n<p><strong>Pokret ujedinjenih fantoma je (PUF) je gra\u0111anski pokret za \u201crazmrdavanje\u201d ljudi u apati\u010dnoj Srbiji. Pokret smo osnovali u Zrenjaninu u maju 2017. kao udru\u017eenje gra\u0111ana, sa ciljem da satiri\u010dnim nastupima, sa vrlo ozbiljnim porukama, uka\u017eemo na \u0161teto\u010dinsko delovanje aktuelne vlasti<\/strong>. \u0160alu i provokaciju smo odabrali za na\u0161 stil, radi efikasnijeg i slikovitijeg okupljanja svih ljudi, ali to ne zna\u010di da mi nismo organizacija ozbiljnih ljudi. Pokret \u010dine ljudi razli\u010ditih interesovanja i \u017eivotnih iskustava, ali koji deluju po istim principima, vo\u0111eni istim vrednostima. <strong>Inicijatori pokreta su Miljan \u010ci\u010di\u0107, diplomirani ekonomista i Milan Pernat, saobra\u0107ajni in\u017eenjer- specijalista.<\/strong><\/p>\n\n\n\n<p>Na po\u010detku na\u0161eg delovanja 2017.godine odabrali smo i specifi\u010dan vizuelni identitet oli\u010den u maskama, koje su predstavljale simboli\u010dan paradoks dr\u017eave u kojoj \u017eivimo. Bele fantomke koje smo nosili ismevaju i osu\u0111uju one crne, realne, fantomke koje su ru\u0161ile Savamalu. <strong>Tog maja 2017<\/strong>.godine izbacili smo i na\u0161u prvu pesmu \u201eDru\u017ee Ave\u201c i nastavili da snimamo i objavljujemo satiri\u010dne klipove, tekstove u medijima i vrlo brzo smo do\u0161li u \u017ei\u017eu javnosti. Na kraju 2017.godine objavili smo i dve numere <strong>\u201e\u0160u\u0161ke\u201c i \u201eIgra rnr fonatana sa Slavije\u201c koje ulaze u trending Srbije na youtube<\/strong> me\u0111u najslu\u0161anijim numerama u tom trenutku.<\/p>\n\n\n\n<p><strong>Tokom 2018<\/strong>. godine radimo na daljoj afirmaciji pokreta, da bi krajem iste godine i po\u010detkom naredne godine bili me\u0111u najaktivnijim u\u010desnicima protesta \u201e1 od 5 miliona,\u201c prvenstveno u Beogradu i na\u0161em rodnom gradu Zrenjaninu, ali i u ostalim mestima u Srbiji. Tokom demonstracija postali smo prepoznatljivi po satiri\u010dnim nastupima i u tom periodu objavljujemo pesmu <strong>\u201ePo\u010delo je diktatore\u201c<\/strong> koja je bila jedna od najslu\u0161ajnih pesama na protestima \u0161irom Srbije.<\/p>\n\n\n\n<p><strong>Predstavnici PUFa Miljan \u010ci\u010di\u0107 i Milan Pernat prolaze kroz pravu medijsku golgotu izre\u017eiranu od strane vlasti posle ulaska demonstranata u RTS 16.03.2019. godine tokom protesta \u201e<\/strong><strong>1 od 5 miliona\u201c<\/strong>. Slede\u0107eg dana su bili privedeni i zadr\u017eani u pritvoru 48h nakon \u010dega su pu\u0161teni na slobodu. Tokom tog perioda, na stotine puta, dan i no\u0107, kadar sa testerom se umno\u017eavao i ponovo emitovao na re\u017eimskim medijima, gde su PUFovci prikazani u najgorem mogu\u0107em svetlu. Testera koju su PUFovci nosili tokom protesta u sklopu perfomansa ironizuje i osu\u0111uje vlastodr\u0161ce koji su se poduhvatili \u201eekolo\u0161kog\u201c zadatka da poseku na stotine stabala na U\u0161\u0107u i Kalemegdanu. Nakon ovog dogadjaja menjamo vizuelni identitet i <strong>bele fantomke zamenjujemo \u0161e\u0161irima<\/strong>. Ubrzo snimamo i slede\u0107u numeru \u201eKontraverzna testera\u201c koja kreativno i satiri\u010dno oslikava sve doga\u0111aje koji su prethodili&nbsp;i koji su se desili nakon pu\u0161tanja PUFovaca iz pritvora. Spot je odgovor fantoma na sve la\u017ei i neistine koje su danima plasirane od strane Aleksandra Vu\u010di\u0107a i njegovih re\u017eimskih medija.<\/p>\n\n\n\n<p><strong>Tokom maja 2019<\/strong>.godine pokreta\u010di pokreta stupili su u <strong>\u0161trajk gladju ispred Gradske ku\u0107e<\/strong> Zrenjanin, zahtevaju\u0107i da se vi\u0161edecenijski problem sa vodosnabdevanjem u ovom gradu re\u0161i. \u0160trajk je bezuspe\u0161no okon\u010dan zbog zdravstvenog kolapsa Miljana \u010ci\u010di\u0107a. Te iste godine organizujemo i prve \u201eDane vode\u201c u Zrenjaninu . <strong>Trodnevnu manifestacija &#8220;Dani vode&#8221;<\/strong> osmislili smo kao vid protesta, nezadovoljni stalnim probijanjem rokova i neispunjenim obe\u0107anjima vezanim za izgradnju fabrike vode.<\/p>\n\n\n\n<p><strong>Tokom leta, jeseni i zime 2020<\/strong>.godine snimamo nekoliko spotova \u201eVulin digo MIGA,\u201c \u201cNeko mi je ukrao fasciklo,\u201c \u201cAnka Mandatarka\u201c i \u201eVulin hvata Mi\u0161ka\u201c koja bele\u017ee odli\u010dan prijem kod publike na dru\u0161tvenim mre\u017eama i veliki broj pregleda.<\/p>\n\n\n\n<p><strong>2021 godinu zapo\u010deli smo snimanjem nekoliko velikih hitova:<\/strong> &nbsp;\u201ePromena sistema,\u201c \u201cAca zvani la\u017e\u201c i \u201eBunga, Bunga,\u201c &nbsp;pesme koja je napravila pravu pometnju u javnosti zbog teme koja je obradjena.<\/p>\n\n\n\n<p>Tokom vi\u0161egodi\u0161njeg opozicionog delovanja, upoznali smo ve\u0107inu lidera opozicije, ali i mnogo <strong>obi\u010dnog naroda koji \u017eeli druga\u010diju Srbiju<\/strong>. Uo\u010dili smo nepremostivi jaz, oli\u010den u nepoverenju obi\u010dnih ljudi u opoziciju, \u0161to zbog objektivnih razloga oslikanih u nemogu\u0107nosti da se dogovore oko banalnih stvari, \u0161to zbog konstantnog medijskog lin\u010da kojim su izlo\u017eeni, i odlu\u010dili da premostimo taj jaz i ponudimo &nbsp;alternativu. Uznemireni \u010dinjenicom da ovakva katastrofalna vlast mo\u017eda mo\u017ee i da opstane ukoliko svi ne iza\u0111u na izbore i imaju za koga da glasaju, <strong>u pomo\u0107 pozivamo obi\u010dnog \u010doveka<\/strong>. Za primarni cilj na\u0161eg politi\u010dkog delovanja postavljamo: <strong>ujedinjavanje opozicije<\/strong>, <strong>animiranje \u0161to ve\u0107eg broja ljudi da iza\u0111u na izbore<\/strong> i \u0161to je najva\u017enije <strong>podstrekivanje obi\u010dnih ljudi da preuzmu odgovornost <\/strong>i da u svojim mestima prona\u0111u najbolje \u0161to imaju, jer samo najbolji mogu da pokrenu ovu zemlju, zaglibljenu u mulj decenijama unazad.&nbsp;<\/p>\n\n\n\n<p>Pridru\u017ei nam se!<\/p>\n","protected":false},"excerpt":{"rendered":"<p>Pokret ujedinjenih fantoma je (PUF) je gra\u0111anski pokret za \u201crazmrdavanje\u201d ljudi u apati\u010dnoj Srbiji. Pokret smo osnovali u Zrenjaninu u maju 2017. kao udru\u017eenje gra\u0111ana, sa ciljem da satiri\u010dnim nastupima, sa vrlo ozbiljnim porukama, uka\u017eemo na \u0161teto\u010dinsko delovanje aktuelne vlasti. \u0160alu i provokaciju smo odabrali za na\u0161 stil, radi efikasnijeg i slikovitijeg okupljanja svih ljudi, [&hellip;]<\/p>\n","protected":false},"author":1,"featured_media":0,"parent":0,"menu_order":0,"comment_status":"closed","ping_status":"closed","template":"","meta":{"footnotes":""},"class_list":["post-43","page","type-page","status-publish","hentry"],"blocksy_meta":{"styles_descriptor":{"styles":{"desktop":"","tablet":"","mobile":""},"google_fonts":[]}},"yoast_head":"<!-- This site is optimized with the Yoast SEO plugin v26.6 - https:\/\/yoast.com\/wordpress\/plugins\/seo\/ -->\n<title>Ko smo? &#8902; PUF<\/title>\n<meta name=\"description\" content=\"Pokret ujedinjenih fantoma PUF! je radni\u010dko\/gra\u0111ansko\/studentski pokret za \u201crazmrdavanje\u201d ljudi u apati\u010dnoj Srbiji.Cilj ovog pokreta je da satiri\u010dnim nastupima, ali vrlo ozbiljnim porukama uka\u017ee na \u0161teto\u010dinsko delovanje aktuelne vlasti.Inicijatori pokreta su Miljan \u010ci\u010di\u0107 (1977), diplomirani ekonomista i Milan Pernat (1976), saobra\u0107ajni in\u017eenjer.\" \/>\n<meta name=\"robots\" content=\"index, follow, max-snippet:-1, max-image-preview:large, max-video-preview:-1\" \/>\n<link rel=\"canonical\" href=\"https:\/\/puf.rs\/index.php\/pokret-ujedinjenih-fantoma-2\/\" \/>\n<meta property=\"og:locale\" content=\"en_US\" \/>\n<meta property=\"og:type\" content=\"article\" \/>\n<meta property=\"og:title\" content=\"Ko smo? &#8902; PUF\" \/>\n<meta property=\"og:description\" content=\"Pokret ujedinjenih fantoma PUF! je radni\u010dko\/gra\u0111ansko\/studentski pokret za \u201crazmrdavanje\u201d ljudi u apati\u010dnoj Srbiji.Cilj ovog pokreta je da satiri\u010dnim nastupima, ali vrlo ozbiljnim porukama uka\u017ee na \u0161teto\u010dinsko delovanje aktuelne vlasti.Inicijatori pokreta su Miljan \u010ci\u010di\u0107 (1977), diplomirani ekonomista i Milan Pernat (1976), saobra\u0107ajni in\u017eenjer.\" \/>\n<meta property=\"og:url\" content=\"https:\/\/puf.rs\/index.php\/pokret-ujedinjenih-fantoma-2\/\" \/>\n<meta property=\"og:site_name\" content=\"PUF\" \/>\n<meta property=\"article:publisher\" content=\"https:\/\/www.facebook.com\/Pokretujedinjenihfantoma\/\" \/>\n<meta property=\"article:modified_time\" content=\"2021-05-24T09:32:43+00:00\" \/>\n<meta name=\"twitter:card\" content=\"summary_large_image\" \/>\n<meta name=\"twitter:site\" content=\"@FantomiSRB\" \/>\n<meta name=\"twitter:label1\" content=\"Est. reading time\" \/>\n\t<meta name=\"twitter:data1\" content=\"4 minutes\" \/>\n<script type=\"application\/ld+json\" class=\"yoast-schema-graph\">{\"@context\":\"https:\/\/schema.org\",\"@graph\":[{\"@type\":\"WebPage\",\"@id\":\"https:\/\/puf.rs\/index.php\/pokret-ujedinjenih-fantoma-2\/\",\"url\":\"https:\/\/puf.rs\/index.php\/pokret-ujedinjenih-fantoma-2\/\",\"name\":\"Ko smo? &#8902; PUF\",\"isPartOf\":{\"@id\":\"https:\/\/puf.rs\/#website\"},\"datePublished\":\"2019-08-20T17:33:14+00:00\",\"dateModified\":\"2021-05-24T09:32:43+00:00\",\"description\":\"Pokret ujedinjenih fantoma PUF! je radni\u010dko\/gra\u0111ansko\/studentski pokret za \u201crazmrdavanje\u201d ljudi u apati\u010dnoj Srbiji.Cilj ovog pokreta je da satiri\u010dnim nastupima, ali vrlo ozbiljnim porukama uka\u017ee na \u0161teto\u010dinsko delovanje aktuelne vlasti.Inicijatori pokreta su Miljan \u010ci\u010di\u0107 (1977), diplomirani ekonomista i Milan Pernat (1976), saobra\u0107ajni in\u017eenjer.\",\"breadcrumb\":{\"@id\":\"https:\/\/puf.rs\/index.php\/pokret-ujedinjenih-fantoma-2\/#breadcrumb\"},\"inLanguage\":\"en-US\",\"potentialAction\":[{\"@type\":\"ReadAction\",\"target\":[\"https:\/\/puf.rs\/index.php\/pokret-ujedinjenih-fantoma-2\/\"]}]},{\"@type\":\"BreadcrumbList\",\"@id\":\"https:\/\/puf.rs\/index.php\/pokret-ujedinjenih-fantoma-2\/#breadcrumb\",\"itemListElement\":[{\"@type\":\"ListItem\",\"position\":1,\"name\":\"Home\",\"item\":\"https:\/\/puf.rs\/\"},{\"@type\":\"ListItem\",\"position\":2,\"name\":\"Ko smo?\"}]},{\"@type\":\"WebSite\",\"@id\":\"https:\/\/puf.rs\/#website\",\"url\":\"https:\/\/puf.rs\/\",\"name\":\"PUF\",\"description\":\"Pokret ujedinjenih fantoma\",\"publisher\":{\"@id\":\"https:\/\/puf.rs\/#organization\"},\"potentialAction\":[{\"@type\":\"SearchAction\",\"target\":{\"@type\":\"EntryPoint\",\"urlTemplate\":\"https:\/\/puf.rs\/?s={search_term_string}\"},\"query-input\":{\"@type\":\"PropertyValueSpecification\",\"valueRequired\":true,\"valueName\":\"search_term_string\"}}],\"inLanguage\":\"en-US\"},{\"@type\":\"Organization\",\"@id\":\"https:\/\/puf.rs\/#organization\",\"name\":\"Pokret ujedinjenih fantoma\",\"url\":\"https:\/\/puf.rs\/\",\"logo\":{\"@type\":\"ImageObject\",\"inLanguage\":\"en-US\",\"@id\":\"https:\/\/puf.rs\/#\/schema\/logo\/image\/\",\"url\":\"https:\/\/puf.rs\/wp-content\/uploads\/2019\/08\/logo.png\",\"contentUrl\":\"https:\/\/puf.rs\/wp-content\/uploads\/2019\/08\/logo.png\",\"width\":376,\"height\":376,\"caption\":\"Pokret ujedinjenih fantoma\"},\"image\":{\"@id\":\"https:\/\/puf.rs\/#\/schema\/logo\/image\/\"},\"sameAs\":[\"https:\/\/www.facebook.com\/Pokretujedinjenihfantoma\/\",\"https:\/\/x.com\/FantomiSRB\",\"https:\/\/www.instagram.com\/fantomisrb\/\",\"https:\/\/www.youtube.com\/channel\/UCuKwyPhCS1WsxE0sr-Uzh5Q\/\"]}]}<\/script>\n<!-- \/ Yoast SEO plugin. -->","yoast_head_json":{"title":"Ko smo? &#8902; PUF","description":"Pokret ujedinjenih fantoma PUF! je radni\u010dko\/gra\u0111ansko\/studentski pokret za \u201crazmrdavanje\u201d ljudi u apati\u010dnoj Srbiji.Cilj ovog pokreta je da satiri\u010dnim nastupima, ali vrlo ozbiljnim porukama uka\u017ee na \u0161teto\u010dinsko delovanje aktuelne vlasti.Inicijatori pokreta su Miljan \u010ci\u010di\u0107 (1977), diplomirani ekonomista i Milan Pernat (1976), saobra\u0107ajni in\u017eenjer.","robots":{"index":"index","follow":"follow","max-snippet":"max-snippet:-1","max-image-preview":"max-image-preview:large","max-video-preview":"max-video-preview:-1"},"canonical":"https:\/\/puf.rs\/index.php\/pokret-ujedinjenih-fantoma-2\/","og_locale":"en_US","og_type":"article","og_title":"Ko smo? &#8902; PUF","og_description":"Pokret ujedinjenih fantoma PUF! je radni\u010dko\/gra\u0111ansko\/studentski pokret za \u201crazmrdavanje\u201d ljudi u apati\u010dnoj Srbiji.Cilj ovog pokreta je da satiri\u010dnim nastupima, ali vrlo ozbiljnim porukama uka\u017ee na \u0161teto\u010dinsko delovanje aktuelne vlasti.Inicijatori pokreta su Miljan \u010ci\u010di\u0107 (1977), diplomirani ekonomista i Milan Pernat (1976), saobra\u0107ajni in\u017eenjer.","og_url":"https:\/\/puf.rs\/index.php\/pokret-ujedinjenih-fantoma-2\/","og_site_name":"PUF","article_publisher":"https:\/\/www.facebook.com\/Pokretujedinjenihfantoma\/","article_modified_time":"2021-05-24T09:32:43+00:00","twitter_card":"summary_large_image","twitter_site":"@FantomiSRB","twitter_misc":{"Est. reading time":"4 minutes"},"schema":{"@context":"https:\/\/schema.org","@graph":[{"@type":"WebPage","@id":"https:\/\/puf.rs\/index.php\/pokret-ujedinjenih-fantoma-2\/","url":"https:\/\/puf.rs\/index.php\/pokret-ujedinjenih-fantoma-2\/","name":"Ko smo? &#8902; PUF","isPartOf":{"@id":"https:\/\/puf.rs\/#website"},"datePublished":"2019-08-20T17:33:14+00:00","dateModified":"2021-05-24T09:32:43+00:00","description":"Pokret ujedinjenih fantoma PUF! je radni\u010dko\/gra\u0111ansko\/studentski pokret za \u201crazmrdavanje\u201d ljudi u apati\u010dnoj Srbiji.Cilj ovog pokreta je da satiri\u010dnim nastupima, ali vrlo ozbiljnim porukama uka\u017ee na \u0161teto\u010dinsko delovanje aktuelne vlasti.Inicijatori pokreta su Miljan \u010ci\u010di\u0107 (1977), diplomirani ekonomista i Milan Pernat (1976), saobra\u0107ajni in\u017eenjer.","breadcrumb":{"@id":"https:\/\/puf.rs\/index.php\/pokret-ujedinjenih-fantoma-2\/#breadcrumb"},"inLanguage":"en-US","potentialAction":[{"@type":"ReadAction","target":["https:\/\/puf.rs\/index.php\/pokret-ujedinjenih-fantoma-2\/"]}]},{"@type":"BreadcrumbList","@id":"https:\/\/puf.rs\/index.php\/pokret-ujedinjenih-fantoma-2\/#breadcrumb","itemListElement":[{"@type":"ListItem","position":1,"name":"Home","item":"https:\/\/puf.rs\/"},{"@type":"ListItem","position":2,"name":"Ko smo?"}]},{"@type":"WebSite","@id":"https:\/\/puf.rs\/#website","url":"https:\/\/puf.rs\/","name":"PUF","description":"Pokret ujedinjenih fantoma","publisher":{"@id":"https:\/\/puf.rs\/#organization"},"potentialAction":[{"@type":"SearchAction","target":{"@type":"EntryPoint","urlTemplate":"https:\/\/puf.rs\/?s={search_term_string}"},"query-input":{"@type":"PropertyValueSpecification","valueRequired":true,"valueName":"search_term_string"}}],"inLanguage":"en-US"},{"@type":"Organization","@id":"https:\/\/puf.rs\/#organization","name":"Pokret ujedinjenih fantoma","url":"https:\/\/puf.rs\/","logo":{"@type":"ImageObject","inLanguage":"en-US","@id":"https:\/\/puf.rs\/#\/schema\/logo\/image\/","url":"https:\/\/puf.rs\/wp-content\/uploads\/2019\/08\/logo.png","contentUrl":"https:\/\/puf.rs\/wp-content\/uploads\/2019\/08\/logo.png","width":376,"height":376,"caption":"Pokret ujedinjenih fantoma"},"image":{"@id":"https:\/\/puf.rs\/#\/schema\/logo\/image\/"},"sameAs":["https:\/\/www.facebook.com\/Pokretujedinjenihfantoma\/","https:\/\/x.com\/FantomiSRB","https:\/\/www.instagram.com\/fantomisrb\/","https:\/\/www.youtube.com\/channel\/UCuKwyPhCS1WsxE0sr-Uzh5Q\/"]}]}},"_links":{"self":[{"href":"https:\/\/puf.rs\/index.php\/wp-json\/wp\/v2\/pages\/43","targetHints":{"allow":["GET"]}}],"collection":[{"href":"https:\/\/puf.rs\/index.php\/wp-json\/wp\/v2\/pages"}],"about":[{"href":"https:\/\/puf.rs\/index.php\/wp-json\/wp\/v2\/types\/page"}],"author":[{"embeddable":true,"href":"https:\/\/puf.rs\/index.php\/wp-json\/wp\/v2\/users\/1"}],"replies":[{"embeddable":true,"href":"https:\/\/puf.rs\/index.php\/wp-json\/wp\/v2\/comments?post=43"}],"version-history":[{"count":4,"href":"https:\/\/puf.rs\/index.php\/wp-json\/wp\/v2\/pages\/43\/revisions"}],"predecessor-version":[{"id":682,"href":"https:\/\/puf.rs\/index.php\/wp-json\/wp\/v2\/pages\/43\/revisions\/682"}],"wp:attachment":[{"href":"https:\/\/puf.rs\/index.php\/wp-json\/wp\/v2\/media?parent=43"}],"curies":[{"name":"wp","href":"https:\/\/api.w.org\/{rel}","templated":true}]}}