{"id":45,"date":"2019-08-20T17:39:31","date_gmt":"2019-08-20T17:39:31","guid":{"rendered":"http:\/\/puf.rs\/wordpress\/?page_id=45"},"modified":"2023-09-17T21:28:02","modified_gmt":"2023-09-17T19:28:02","slug":"kontakt","status":"publish","type":"page","link":"https:\/\/puf.rs\/index.php\/kontakt\/","title":{"rendered":"Kontakt"},"content":{"rendered":"<div class=\"n2_clear\"><ss3-force-full-width data-overflow-x=\"body\" data-horizontal-selector=\"body\"><div class=\"n2-section-smartslider fitvidsignore  n2_clear\" data-ssid=\"6\" tabindex=\"0\" role=\"region\" aria-label=\"Slider\"><div id=\"n2-ss-6-align\" class=\"n2-ss-align\"><div class=\"n2-padding\"><div id=\"n2-ss-6\" data-creator=\"Smart Slider 3\" data-responsive=\"fullwidth\" class=\"n2-ss-slider n2-ow n2-has-hover n2notransition  \">\n        <div class=\"n2-ss-slider-1 n2_ss__touch_element n2-ow\">\n            <div class=\"n2-ss-slider-2 n2-ow\">\n                                                <div class=\"n2-ss-slider-3 n2-ow\">\n\n                    <div class=\"n2-ss-slide-backgrounds n2-ow-all\"><div class=\"n2-ss-slide-background\" data-public-id=\"1\" data-mode=\"fill\"><div class=\"n2-ss-slide-background-image\" data-blur=\"0\" data-opacity=\"100\" data-x=\"51\" data-y=\"37\" data-alt=\"\" data-title=\"\" style=\"--ss-o-pos-x:51%;--ss-o-pos-y:37%\"><picture class=\"skip-lazy\" data-skip-lazy=\"1\"><img decoding=\"async\" src=\"\/\/puf.rs\/wp-content\/uploads\/2021\/05\/kontaktpuf.jpg\" alt=\"\" title=\"\" loading=\"lazy\" class=\"skip-lazy\" data-skip-lazy=\"1\"><\/picture><\/div><div data-color=\"RGBA(255,255,255,0)\" style=\"background-color: RGBA(255,255,255,0);\" class=\"n2-ss-slide-background-color\"><\/div><\/div><\/div>                    <div class=\"n2-ss-slider-4 n2-ow\">\n                        <svg xmlns=\"http:\/\/www.w3.org\/2000\/svg\" viewBox=\"0 0 1200 450\" data-related-device=\"desktopPortrait\" class=\"n2-ow n2-ss-preserve-size n2-ss-preserve-size--slider n2-ss-slide-limiter\"><\/svg><div data-first=\"1\" data-slide-duration=\"0\" data-id=\"7\" data-slide-public-id=\"1\" data-title=\"kontaktpuf\" class=\"n2-ss-slide n2-ow  n2-ss-slide-7\"><div role=\"note\" class=\"n2-ss-slide--focus\" tabindex=\"-1\">kontaktpuf<\/div><div class=\"n2-ss-layers-container n2-ss-slide-limiter n2-ow\"><div class=\"n2-ss-layer n2-ow n-uc-fFq1TAWP9zbT\" data-sstype=\"slide\" data-pm=\"default\"><\/div><\/div><\/div>                    <\/div>\n\n                                    <\/div>\n            <\/div>\n        <\/div>\n        <\/div><ss3-loader><\/ss3-loader><\/div><\/div><div class=\"n2_clear\"><\/div><\/div><\/ss3-force-full-width><\/div>\n\n\n<p><strong>Udru\u017eenje \u201cPROMENE U FOKUSU \u2013 PUF\u201d<\/strong><\/p>\n\n\n\n<p><strong>Zrenjanin, Jovana Popovi\u0107a 1<\/strong><\/p>\n\n\n\n<p><strong>Mati\u010dni broj: 28100175, PIB: 107883120<\/strong><\/p>\n\n\n\n<p><strong>Broj ra<\/strong><strong>\u010duna u banci<\/strong><strong>: <\/strong>325-9500700031717-07<\/p>\n\n\n\n<div class=\"wpcf7 no-js\" id=\"wpcf7-f138-o1\" lang=\"en-US\" dir=\"ltr\" data-wpcf7-id=\"138\">\n<div class=\"screen-reader-response\"><p role=\"status\" aria-live=\"polite\" aria-atomic=\"true\"><\/p> <ul><\/ul><\/div>\n<form action=\"\/index.php\/wp-json\/wp\/v2\/pages\/45#wpcf7-f138-o1\" method=\"post\" class=\"wpcf7-form init\" aria-label=\"Contact form\" novalidate=\"novalidate\" data-status=\"init\">\n<fieldset class=\"hidden-fields-container\"><input type=\"hidden\" name=\"_wpcf7\" value=\"138\" \/><input type=\"hidden\" name=\"_wpcf7_version\" value=\"6.1.4\" \/><input type=\"hidden\" name=\"_wpcf7_locale\" value=\"en_US\" \/><input type=\"hidden\" name=\"_wpcf7_unit_tag\" value=\"wpcf7-f138-o1\" \/><input type=\"hidden\" name=\"_wpcf7_container_post\" value=\"0\" \/><input type=\"hidden\" name=\"_wpcf7_posted_data_hash\" value=\"\" \/>\n<\/fieldset>\n<p><label> Naslov<br \/>\n<span class=\"wpcf7-form-control-wrap\" data-name=\"your-subject\"><input size=\"40\" maxlength=\"400\" class=\"wpcf7-form-control wpcf7-text\" aria-invalid=\"false\" value=\"\" type=\"text\" name=\"your-subject\" \/><\/span> <\/label>\n<\/p>\n<p><label> Va\u0161a poruka (Obavezno uneti)<br \/>\n<span class=\"wpcf7-form-control-wrap\" data-name=\"your-message\"><textarea cols=\"40\" rows=\"10\" maxlength=\"2000\" class=\"wpcf7-form-control wpcf7-textarea wpcf7-validates-as-required\" aria-required=\"true\" aria-invalid=\"false\" name=\"your-message\"><\/textarea><\/span> <\/label>\n<\/p>\n<p><label> Va\u0161e ime (Obavezno uneti)<br \/>\n<span class=\"wpcf7-form-control-wrap\" data-name=\"your-name\"><input size=\"40\" maxlength=\"400\" class=\"wpcf7-form-control wpcf7-text wpcf7-validates-as-required\" aria-required=\"true\" aria-invalid=\"false\" value=\"\" type=\"text\" name=\"your-name\" \/><\/span> <\/label>\n<\/p>\n<p><label> Va\u0161a email adresa (Obavezno uneti)<br \/>\n<span class=\"wpcf7-form-control-wrap\" data-name=\"your-email\"><input size=\"40\" maxlength=\"400\" class=\"wpcf7-form-control wpcf7-email wpcf7-validates-as-required wpcf7-text wpcf7-validates-as-email\" aria-required=\"true\" aria-invalid=\"false\" value=\"\" type=\"email\" name=\"your-email\" \/><\/span> <\/label>\n<\/p>\n<p><input class=\"wpcf7-form-control wpcf7-submit has-spinner\" type=\"submit\" value=\"Po\u0161alji\" \/>\n<\/p><div class=\"wpcf7-response-output\" aria-hidden=\"true\"><\/div>\n<\/form>\n<\/div>\n\n\n\n\n<p>Web: <a href=\"https:\/\/puf.rs\/\">www.puf.rs<\/a><\/p>\n\n\n\n<p>Facebook:  <a href=\"https:\/\/www.facebook.com\/Pokretujedinjenihfantoma\/\">https:\/\/www.facebook.com\/Pokretujedinjenihfantoma\/<\/a> <\/p>\n\n\n\n<p>Twitter:  <a href=\"https:\/\/twitter.com\/FantomiSRB\">https:\/\/twitter.com\/FantomiSRB<\/a> <\/p>\n\n\n\n<p>Instagram: @puf_srbija<\/p>\n\n\n\n<p>Tik Tok: @puf_srbija<\/p>\n\n\n\n<p>Email: puf.office.info@gmail.com<\/p>\n","protected":false},"excerpt":{"rendered":"<p>Udru\u017eenje \u201cPROMENE U FOKUSU \u2013 PUF\u201d Zrenjanin, Jovana Popovi\u0107a 1 Mati\u010dni broj: 28100175, PIB: 107883120 Broj ra\u010duna u banci: 325-9500700031717-07 Web: www.puf.rs Facebook: https:\/\/www.facebook.com\/Pokretujedinjenihfantoma\/ Twitter: https:\/\/twitter.com\/FantomiSRB Instagram: @puf_srbija Tik Tok: @puf_srbija Email: puf.office.info@gmail.com<\/p>\n","protected":false},"author":1,"featured_media":0,"parent":0,"menu_order":0,"comment_status":"closed","ping_status":"closed","template":"","meta":{"footnotes":""},"class_list":["post-45","page","type-page","status-publish","hentry"],"blocksy_meta":{"styles_descriptor":{"styles":{"desktop":"","tablet":"","mobile":""},"google_fonts":[]}},"yoast_head":"<!-- This site is optimized with the Yoast SEO plugin v26.6 - https:\/\/yoast.com\/wordpress\/plugins\/seo\/ -->\n<title>Kontakt &#8902; PUF<\/title>\n<meta name=\"description\" content=\"Pokret ujedinjenih fantoma, PUF, je udru\u017eenje iz Zrenjanina koje se nalazi na adresi Nemanjina 12 .\" \/>\n<meta name=\"robots\" content=\"index, follow, max-snippet:-1, max-image-preview:large, max-video-preview:-1\" \/>\n<link rel=\"canonical\" href=\"https:\/\/puf.rs\/index.php\/kontakt\/\" \/>\n<meta property=\"og:locale\" content=\"en_US\" \/>\n<meta property=\"og:type\" content=\"article\" \/>\n<meta property=\"og:title\" content=\"Kontakt &#8902; PUF\" \/>\n<meta property=\"og:description\" content=\"Pokret ujedinjenih fantoma, PUF, je udru\u017eenje iz Zrenjanina koje se nalazi na adresi Nemanjina 12 .\" \/>\n<meta property=\"og:url\" content=\"https:\/\/puf.rs\/index.php\/kontakt\/\" \/>\n<meta property=\"og:site_name\" content=\"PUF\" \/>\n<meta property=\"article:publisher\" content=\"https:\/\/www.facebook.com\/Pokretujedinjenihfantoma\/\" \/>\n<meta property=\"article:modified_time\" content=\"2023-09-17T19:28:02+00:00\" \/>\n<meta name=\"twitter:card\" content=\"summary_large_image\" \/>\n<meta name=\"twitter:site\" content=\"@FantomiSRB\" \/>\n<meta name=\"twitter:label1\" content=\"Est. reading time\" \/>\n\t<meta name=\"twitter:data1\" content=\"1 minute\" \/>\n<script type=\"application\/ld+json\" class=\"yoast-schema-graph\">{\"@context\":\"https:\/\/schema.org\",\"@graph\":[{\"@type\":\"WebPage\",\"@id\":\"https:\/\/puf.rs\/index.php\/kontakt\/\",\"url\":\"https:\/\/puf.rs\/index.php\/kontakt\/\",\"name\":\"Kontakt &#8902; PUF\",\"isPartOf\":{\"@id\":\"https:\/\/puf.rs\/#website\"},\"datePublished\":\"2019-08-20T17:39:31+00:00\",\"dateModified\":\"2023-09-17T19:28:02+00:00\",\"description\":\"Pokret ujedinjenih fantoma, PUF, je udru\u017eenje iz Zrenjanina koje se nalazi na adresi Nemanjina 12 .\",\"breadcrumb\":{\"@id\":\"https:\/\/puf.rs\/index.php\/kontakt\/#breadcrumb\"},\"inLanguage\":\"en-US\",\"potentialAction\":[{\"@type\":\"ReadAction\",\"target\":[\"https:\/\/puf.rs\/index.php\/kontakt\/\"]}]},{\"@type\":\"BreadcrumbList\",\"@id\":\"https:\/\/puf.rs\/index.php\/kontakt\/#breadcrumb\",\"itemListElement\":[{\"@type\":\"ListItem\",\"position\":1,\"name\":\"Home\",\"item\":\"https:\/\/puf.rs\/\"},{\"@type\":\"ListItem\",\"position\":2,\"name\":\"Kontakt\"}]},{\"@type\":\"WebSite\",\"@id\":\"https:\/\/puf.rs\/#website\",\"url\":\"https:\/\/puf.rs\/\",\"name\":\"PUF\",\"description\":\"Pokret ujedinjenih fantoma\",\"publisher\":{\"@id\":\"https:\/\/puf.rs\/#organization\"},\"potentialAction\":[{\"@type\":\"SearchAction\",\"target\":{\"@type\":\"EntryPoint\",\"urlTemplate\":\"https:\/\/puf.rs\/?s={search_term_string}\"},\"query-input\":{\"@type\":\"PropertyValueSpecification\",\"valueRequired\":true,\"valueName\":\"search_term_string\"}}],\"inLanguage\":\"en-US\"},{\"@type\":\"Organization\",\"@id\":\"https:\/\/puf.rs\/#organization\",\"name\":\"Pokret ujedinjenih fantoma\",\"url\":\"https:\/\/puf.rs\/\",\"logo\":{\"@type\":\"ImageObject\",\"inLanguage\":\"en-US\",\"@id\":\"https:\/\/puf.rs\/#\/schema\/logo\/image\/\",\"url\":\"https:\/\/puf.rs\/wp-content\/uploads\/2019\/08\/logo.png\",\"contentUrl\":\"https:\/\/puf.rs\/wp-content\/uploads\/2019\/08\/logo.png\",\"width\":376,\"height\":376,\"caption\":\"Pokret ujedinjenih fantoma\"},\"image\":{\"@id\":\"https:\/\/puf.rs\/#\/schema\/logo\/image\/\"},\"sameAs\":[\"https:\/\/www.facebook.com\/Pokretujedinjenihfantoma\/\",\"https:\/\/x.com\/FantomiSRB\",\"https:\/\/www.instagram.com\/fantomisrb\/\",\"https:\/\/www.youtube.com\/channel\/UCuKwyPhCS1WsxE0sr-Uzh5Q\/\"]}]}<\/script>\n<!-- \/ Yoast SEO plugin. -->","yoast_head_json":{"title":"Kontakt &#8902; PUF","description":"Pokret ujedinjenih fantoma, PUF, je udru\u017eenje iz Zrenjanina koje se nalazi na adresi Nemanjina 12 .","robots":{"index":"index","follow":"follow","max-snippet":"max-snippet:-1","max-image-preview":"max-image-preview:large","max-video-preview":"max-video-preview:-1"},"canonical":"https:\/\/puf.rs\/index.php\/kontakt\/","og_locale":"en_US","og_type":"article","og_title":"Kontakt &#8902; PUF","og_description":"Pokret ujedinjenih fantoma, PUF, je udru\u017eenje iz Zrenjanina koje se nalazi na adresi Nemanjina 12 .","og_url":"https:\/\/puf.rs\/index.php\/kontakt\/","og_site_name":"PUF","article_publisher":"https:\/\/www.facebook.com\/Pokretujedinjenihfantoma\/","article_modified_time":"2023-09-17T19:28:02+00:00","twitter_card":"summary_large_image","twitter_site":"@FantomiSRB","twitter_misc":{"Est. reading time":"1 minute"},"schema":{"@context":"https:\/\/schema.org","@graph":[{"@type":"WebPage","@id":"https:\/\/puf.rs\/index.php\/kontakt\/","url":"https:\/\/puf.rs\/index.php\/kontakt\/","name":"Kontakt &#8902; PUF","isPartOf":{"@id":"https:\/\/puf.rs\/#website"},"datePublished":"2019-08-20T17:39:31+00:00","dateModified":"2023-09-17T19:28:02+00:00","description":"Pokret ujedinjenih fantoma, PUF, je udru\u017eenje iz Zrenjanina koje se nalazi na adresi Nemanjina 12 .","breadcrumb":{"@id":"https:\/\/puf.rs\/index.php\/kontakt\/#breadcrumb"},"inLanguage":"en-US","potentialAction":[{"@type":"ReadAction","target":["https:\/\/puf.rs\/index.php\/kontakt\/"]}]},{"@type":"BreadcrumbList","@id":"https:\/\/puf.rs\/index.php\/kontakt\/#breadcrumb","itemListElement":[{"@type":"ListItem","position":1,"name":"Home","item":"https:\/\/puf.rs\/"},{"@type":"ListItem","position":2,"name":"Kontakt"}]},{"@type":"WebSite","@id":"https:\/\/puf.rs\/#website","url":"https:\/\/puf.rs\/","name":"PUF","description":"Pokret ujedinjenih fantoma","publisher":{"@id":"https:\/\/puf.rs\/#organization"},"potentialAction":[{"@type":"SearchAction","target":{"@type":"EntryPoint","urlTemplate":"https:\/\/puf.rs\/?s={search_term_string}"},"query-input":{"@type":"PropertyValueSpecification","valueRequired":true,"valueName":"search_term_string"}}],"inLanguage":"en-US"},{"@type":"Organization","@id":"https:\/\/puf.rs\/#organization","name":"Pokret ujedinjenih fantoma","url":"https:\/\/puf.rs\/","logo":{"@type":"ImageObject","inLanguage":"en-US","@id":"https:\/\/puf.rs\/#\/schema\/logo\/image\/","url":"https:\/\/puf.rs\/wp-content\/uploads\/2019\/08\/logo.png","contentUrl":"https:\/\/puf.rs\/wp-content\/uploads\/2019\/08\/logo.png","width":376,"height":376,"caption":"Pokret ujedinjenih fantoma"},"image":{"@id":"https:\/\/puf.rs\/#\/schema\/logo\/image\/"},"sameAs":["https:\/\/www.facebook.com\/Pokretujedinjenihfantoma\/","https:\/\/x.com\/FantomiSRB","https:\/\/www.instagram.com\/fantomisrb\/","https:\/\/www.youtube.com\/channel\/UCuKwyPhCS1WsxE0sr-Uzh5Q\/"]}]}},"_links":{"self":[{"href":"https:\/\/puf.rs\/index.php\/wp-json\/wp\/v2\/pages\/45","targetHints":{"allow":["GET"]}}],"collection":[{"href":"https:\/\/puf.rs\/index.php\/wp-json\/wp\/v2\/pages"}],"about":[{"href":"https:\/\/puf.rs\/index.php\/wp-json\/wp\/v2\/types\/page"}],"author":[{"embeddable":true,"href":"https:\/\/puf.rs\/index.php\/wp-json\/wp\/v2\/users\/1"}],"replies":[{"embeddable":true,"href":"https:\/\/puf.rs\/index.php\/wp-json\/wp\/v2\/comments?post=45"}],"version-history":[{"count":9,"href":"https:\/\/puf.rs\/index.php\/wp-json\/wp\/v2\/pages\/45\/revisions"}],"predecessor-version":[{"id":785,"href":"https:\/\/puf.rs\/index.php\/wp-json\/wp\/v2\/pages\/45\/revisions\/785"}],"wp:attachment":[{"href":"https:\/\/puf.rs\/index.php\/wp-json\/wp\/v2\/media?parent=45"}],"curies":[{"name":"wp","href":"https:\/\/api.w.org\/{rel}","templated":true}]}}