{"id":96,"date":"2019-08-21T19:36:07","date_gmt":"2019-08-21T19:36:07","guid":{"rendered":"http:\/\/puf.rs\/wordpress\/?page_id=96"},"modified":"2021-05-17T02:58:34","modified_gmt":"2021-05-17T00:58:34","slug":"pridruzi-se","status":"publish","type":"page","link":"https:\/\/puf.rs\/index.php\/pridruzi-se\/","title":{"rendered":"Pridru\u017ei se"},"content":{"rendered":"<div class=\"n2_clear\"><ss3-force-full-width data-overflow-x=\"body\" data-horizontal-selector=\"body\"><div class=\"n2-section-smartslider fitvidsignore  n2_clear\" data-ssid=\"5\" tabindex=\"0\" role=\"region\" aria-label=\"Slider\"><div id=\"n2-ss-5-align\" class=\"n2-ss-align\"><div class=\"n2-padding\"><div id=\"n2-ss-5\" data-creator=\"Smart Slider 3\" data-responsive=\"fullwidth\" class=\"n2-ss-slider n2-ow n2-has-hover n2notransition  \">\n        <div class=\"n2-ss-slider-1 n2_ss__touch_element n2-ow\">\n            <div class=\"n2-ss-slider-2 n2-ow\">\n                                                <div class=\"n2-ss-slider-3 n2-ow\">\n\n                    <div class=\"n2-ss-slide-backgrounds n2-ow-all\"><div class=\"n2-ss-slide-background\" data-public-id=\"1\" data-mode=\"fill\"><div class=\"n2-ss-slide-background-image\" data-blur=\"0\" data-opacity=\"100\" data-x=\"52\" data-y=\"21\" data-alt=\"\" data-title=\"\" style=\"--ss-o-pos-x:52%;--ss-o-pos-y:21%\"><picture class=\"skip-lazy\" data-skip-lazy=\"1\"><img decoding=\"async\" src=\"\/\/puf.rs\/wp-content\/uploads\/2021\/05\/ko-smo-mi-sekcija.jpg\" alt=\"\" title=\"\" loading=\"lazy\" class=\"skip-lazy\" data-skip-lazy=\"1\"><\/picture><\/div><div data-color=\"RGBA(255,255,255,0)\" style=\"background-color: RGBA(255,255,255,0);\" class=\"n2-ss-slide-background-color\"><\/div><\/div><\/div>                    <div class=\"n2-ss-slider-4 n2-ow\">\n                        <svg xmlns=\"http:\/\/www.w3.org\/2000\/svg\" viewBox=\"0 0 1200 450\" data-related-device=\"desktopPortrait\" class=\"n2-ow n2-ss-preserve-size n2-ss-preserve-size--slider n2-ss-slide-limiter\"><\/svg><div data-first=\"1\" data-slide-duration=\"0\" data-id=\"6\" data-slide-public-id=\"1\" data-title=\"ko smo mi sekcija\" class=\"n2-ss-slide n2-ow  n2-ss-slide-6\"><div role=\"note\" class=\"n2-ss-slide--focus\" tabindex=\"-1\">ko smo mi sekcija<\/div><div class=\"n2-ss-layers-container n2-ss-slide-limiter n2-ow\"><div class=\"n2-ss-layer n2-ow n-uc-BlVNH8iw8Jam\" data-sstype=\"slide\" data-pm=\"default\"><\/div><\/div><\/div>                    <\/div>\n\n                                    <\/div>\n            <\/div>\n        <\/div>\n        <\/div><ss3-loader><\/ss3-loader><\/div><\/div><div class=\"n2_clear\"><\/div><\/div><\/ss3-force-full-width><\/div>\n\n\n<p>Ako \u017eelite da budete fantom mo\u017eete se u\u010dlaniti u Pokret ujedinjenih fantoma.<\/p>\n\n\n\n<p>Nakon \u0161to potpi\u0161ete pristupnicu kojom prihvatate statut i program PUF-a, bi\u0107e vam dodeljena uniforma i radni raspored.<\/p>\n\n\n\n<div class=\"wpcf7 no-js\" id=\"wpcf7-f140-o1\" lang=\"en-US\" dir=\"ltr\" data-wpcf7-id=\"140\">\n<div class=\"screen-reader-response\"><p role=\"status\" aria-live=\"polite\" aria-atomic=\"true\"><\/p> <ul><\/ul><\/div>\n<form action=\"\/index.php\/wp-json\/wp\/v2\/pages\/96#wpcf7-f140-o1\" method=\"post\" class=\"wpcf7-form init\" aria-label=\"Contact form\" novalidate=\"novalidate\" data-status=\"init\">\n<fieldset class=\"hidden-fields-container\"><input type=\"hidden\" name=\"_wpcf7\" value=\"140\" \/><input type=\"hidden\" name=\"_wpcf7_version\" value=\"6.1.4\" \/><input type=\"hidden\" name=\"_wpcf7_locale\" value=\"en_US\" \/><input type=\"hidden\" name=\"_wpcf7_unit_tag\" value=\"wpcf7-f140-o1\" \/><input type=\"hidden\" name=\"_wpcf7_container_post\" value=\"0\" \/><input type=\"hidden\" name=\"_wpcf7_posted_data_hash\" value=\"\" \/>\n<\/fieldset>\n<p><label> Ime<br \/>\n<span class=\"wpcf7-form-control-wrap\" data-name=\"your-name\"><input size=\"40\" maxlength=\"400\" class=\"wpcf7-form-control wpcf7-text wpcf7-validates-as-required\" aria-required=\"true\" aria-invalid=\"false\" value=\"\" type=\"text\" name=\"your-name\" \/><\/span> <\/label><br \/>\n<label> Prezime<br \/>\n<span class=\"wpcf7-form-control-wrap\" data-name=\"your-lastname\"><input size=\"40\" maxlength=\"400\" class=\"wpcf7-form-control wpcf7-text wpcf7-validates-as-required\" aria-required=\"true\" aria-invalid=\"false\" value=\"\" type=\"text\" name=\"your-lastname\" \/><\/span> <\/label><br \/>\n<label> Datum ro\u0111enja: mm je polje za mesec, dd za dan, yyyy za godinu ro\u0111enja.<br \/>\n<span class=\"wpcf7-form-control-wrap\" data-name=\"datum\"><input class=\"wpcf7-form-control wpcf7-date wpcf7-validates-as-required wpcf7-validates-as-date\" min=\"1900-01-01\" aria-required=\"true\" aria-invalid=\"false\" value=\"\" type=\"date\" name=\"datum\" \/><\/span> <\/label><br \/>\n<label> Ulica i broj<br \/>\n<span class=\"wpcf7-form-control-wrap\" data-name=\"adresa\"><input size=\"40\" maxlength=\"400\" class=\"wpcf7-form-control wpcf7-text wpcf7-validates-as-required\" aria-required=\"true\" aria-invalid=\"false\" value=\"\" type=\"text\" name=\"adresa\" \/><\/span> <\/label><br \/>\n<label> Po\u0161tanski broj<br \/>\n<span class=\"wpcf7-form-control-wrap\" data-name=\"ptt\"><input class=\"wpcf7-form-control wpcf7-number wpcf7-validates-as-required wpcf7-validates-as-number\" min=\"10000\" max=\"99999\" aria-required=\"true\" aria-invalid=\"false\" value=\"\" type=\"number\" name=\"ptt\" \/><\/span><\/label><br \/>\n<label> Mesto<br \/>\n<span class=\"wpcf7-form-control-wrap\" data-name=\"mesto\"><input size=\"40\" maxlength=\"400\" class=\"wpcf7-form-control wpcf7-text wpcf7-validates-as-required\" aria-required=\"true\" aria-invalid=\"false\" value=\"\" type=\"text\" name=\"mesto\" \/><\/span> <\/label><br \/>\n<label> Broj li\u010dne karte<br \/>\n<span class=\"wpcf7-form-control-wrap\" data-name=\"brlk\"><input class=\"wpcf7-form-control wpcf7-number wpcf7-validates-as-required wpcf7-validates-as-number\" min=\"00000000\" max=\"999999999\" aria-required=\"true\" aria-invalid=\"false\" value=\"\" type=\"number\" name=\"brlk\" \/><\/span><\/label><br \/>\n<label> Email<br \/>\n<span class=\"wpcf7-form-control-wrap\" data-name=\"your-email\"><input size=\"40\" maxlength=\"400\" class=\"wpcf7-form-control wpcf7-email wpcf7-validates-as-required wpcf7-text wpcf7-validates-as-email\" aria-required=\"true\" aria-invalid=\"false\" value=\"\" type=\"email\" name=\"your-email\" \/><\/span> <\/label><br \/>\n<label> Broj telefona<br \/>\n<span class=\"wpcf7-form-control-wrap\" data-name=\"telefon\"><input size=\"40\" maxlength=\"400\" class=\"wpcf7-form-control wpcf7-tel wpcf7-text wpcf7-validates-as-tel\" aria-invalid=\"false\" value=\"\" type=\"tel\" name=\"telefon\" \/><\/span> <\/label>\n<\/p>\n<p><span class=\"wpcf7-form-control-wrap\" data-name=\"clan\"><span class=\"wpcf7-form-control wpcf7-checkbox wpcf7-validates-as-required\"><span class=\"wpcf7-list-item first last\"><input type=\"checkbox\" name=\"clan[]\" value=\"\u017delim da budem \u010dlan udru\u017eenja Pokret ujedinjenih fantoma\" \/><span class=\"wpcf7-list-item-label\">\u017delim da budem \u010dlan udru\u017eenja Pokret ujedinjenih fantoma<\/span><\/span><\/span><\/span>\n<\/p>\n<p><span class=\"wpcf7-form-control-wrap\" data-name=\"statut\"><span class=\"wpcf7-form-control wpcf7-checkbox wpcf7-validates-as-required\"><span class=\"wpcf7-list-item first last\"><input type=\"checkbox\" name=\"statut[]\" value=\"Prihvatam Satut i programska na\u010dela udru\u017eenja\" \/><span class=\"wpcf7-list-item-label\">Prihvatam Satut i programska na\u010dela udru\u017eenja<\/span><\/span><\/span><\/span>\n<\/p>\n<p><input class=\"wpcf7-form-control wpcf7-submit has-spinner\" type=\"submit\" value=\"Po\u0161alji\" \/>\n<\/p><div class=\"wpcf7-response-output\" aria-hidden=\"true\"><\/div>\n<\/form>\n<\/div>\n\n","protected":false},"excerpt":{"rendered":"<p>Ako \u017eelite da budete fantom mo\u017eete se u\u010dlaniti u Pokret ujedinjenih fantoma. Nakon \u0161to potpi\u0161ete pristupnicu kojom prihvatate statut i program PUF-a, bi\u0107e vam dodeljena uniforma i radni raspored.<\/p>\n","protected":false},"author":2,"featured_media":0,"parent":0,"menu_order":0,"comment_status":"closed","ping_status":"closed","template":"","meta":{"footnotes":""},"class_list":["post-96","page","type-page","status-publish","hentry"],"blocksy_meta":{"styles_descriptor":{"styles":{"desktop":"","tablet":"","mobile":""},"google_fonts":[]}},"yoast_head":"<!-- This site is optimized with the Yoast SEO plugin v26.6 - https:\/\/yoast.com\/wordpress\/plugins\/seo\/ -->\n<title>Pridru\u017ei se &#8902; PUF<\/title>\n<meta name=\"robots\" content=\"index, follow, max-snippet:-1, max-image-preview:large, max-video-preview:-1\" \/>\n<link rel=\"canonical\" href=\"https:\/\/puf.rs\/index.php\/pridruzi-se\/\" \/>\n<meta property=\"og:locale\" content=\"en_US\" \/>\n<meta property=\"og:type\" content=\"article\" \/>\n<meta property=\"og:title\" content=\"Pridru\u017ei se &#8902; PUF\" \/>\n<meta property=\"og:description\" content=\"Ako \u017eelite da budete fantom mo\u017eete se u\u010dlaniti u Pokret ujedinjenih fantoma. Nakon \u0161to potpi\u0161ete pristupnicu kojom prihvatate statut i program PUF-a, bi\u0107e vam dodeljena uniforma i radni raspored.\" \/>\n<meta property=\"og:url\" content=\"https:\/\/puf.rs\/index.php\/pridruzi-se\/\" \/>\n<meta property=\"og:site_name\" content=\"PUF\" \/>\n<meta property=\"article:publisher\" content=\"https:\/\/www.facebook.com\/Pokretujedinjenihfantoma\/\" \/>\n<meta property=\"article:modified_time\" content=\"2021-05-17T00:58:34+00:00\" \/>\n<meta name=\"twitter:card\" content=\"summary_large_image\" \/>\n<meta name=\"twitter:site\" content=\"@FantomiSRB\" \/>\n<script type=\"application\/ld+json\" class=\"yoast-schema-graph\">{\"@context\":\"https:\/\/schema.org\",\"@graph\":[{\"@type\":\"WebPage\",\"@id\":\"https:\/\/puf.rs\/index.php\/pridruzi-se\/\",\"url\":\"https:\/\/puf.rs\/index.php\/pridruzi-se\/\",\"name\":\"Pridru\u017ei se &#8902; PUF\",\"isPartOf\":{\"@id\":\"https:\/\/puf.rs\/#website\"},\"datePublished\":\"2019-08-21T19:36:07+00:00\",\"dateModified\":\"2021-05-17T00:58:34+00:00\",\"breadcrumb\":{\"@id\":\"https:\/\/puf.rs\/index.php\/pridruzi-se\/#breadcrumb\"},\"inLanguage\":\"en-US\",\"potentialAction\":[{\"@type\":\"ReadAction\",\"target\":[\"https:\/\/puf.rs\/index.php\/pridruzi-se\/\"]}]},{\"@type\":\"BreadcrumbList\",\"@id\":\"https:\/\/puf.rs\/index.php\/pridruzi-se\/#breadcrumb\",\"itemListElement\":[{\"@type\":\"ListItem\",\"position\":1,\"name\":\"Home\",\"item\":\"https:\/\/puf.rs\/\"},{\"@type\":\"ListItem\",\"position\":2,\"name\":\"Pridru\u017ei se\"}]},{\"@type\":\"WebSite\",\"@id\":\"https:\/\/puf.rs\/#website\",\"url\":\"https:\/\/puf.rs\/\",\"name\":\"PUF\",\"description\":\"Pokret ujedinjenih fantoma\",\"publisher\":{\"@id\":\"https:\/\/puf.rs\/#organization\"},\"potentialAction\":[{\"@type\":\"SearchAction\",\"target\":{\"@type\":\"EntryPoint\",\"urlTemplate\":\"https:\/\/puf.rs\/?s={search_term_string}\"},\"query-input\":{\"@type\":\"PropertyValueSpecification\",\"valueRequired\":true,\"valueName\":\"search_term_string\"}}],\"inLanguage\":\"en-US\"},{\"@type\":\"Organization\",\"@id\":\"https:\/\/puf.rs\/#organization\",\"name\":\"Pokret ujedinjenih fantoma\",\"url\":\"https:\/\/puf.rs\/\",\"logo\":{\"@type\":\"ImageObject\",\"inLanguage\":\"en-US\",\"@id\":\"https:\/\/puf.rs\/#\/schema\/logo\/image\/\",\"url\":\"https:\/\/puf.rs\/wp-content\/uploads\/2019\/08\/logo.png\",\"contentUrl\":\"https:\/\/puf.rs\/wp-content\/uploads\/2019\/08\/logo.png\",\"width\":376,\"height\":376,\"caption\":\"Pokret ujedinjenih fantoma\"},\"image\":{\"@id\":\"https:\/\/puf.rs\/#\/schema\/logo\/image\/\"},\"sameAs\":[\"https:\/\/www.facebook.com\/Pokretujedinjenihfantoma\/\",\"https:\/\/x.com\/FantomiSRB\",\"https:\/\/www.instagram.com\/fantomisrb\/\",\"https:\/\/www.youtube.com\/channel\/UCuKwyPhCS1WsxE0sr-Uzh5Q\/\"]}]}<\/script>\n<!-- \/ Yoast SEO plugin. -->","yoast_head_json":{"title":"Pridru\u017ei se &#8902; PUF","robots":{"index":"index","follow":"follow","max-snippet":"max-snippet:-1","max-image-preview":"max-image-preview:large","max-video-preview":"max-video-preview:-1"},"canonical":"https:\/\/puf.rs\/index.php\/pridruzi-se\/","og_locale":"en_US","og_type":"article","og_title":"Pridru\u017ei se &#8902; PUF","og_description":"Ako \u017eelite da budete fantom mo\u017eete se u\u010dlaniti u Pokret ujedinjenih fantoma. Nakon \u0161to potpi\u0161ete pristupnicu kojom prihvatate statut i program PUF-a, bi\u0107e vam dodeljena uniforma i radni raspored.","og_url":"https:\/\/puf.rs\/index.php\/pridruzi-se\/","og_site_name":"PUF","article_publisher":"https:\/\/www.facebook.com\/Pokretujedinjenihfantoma\/","article_modified_time":"2021-05-17T00:58:34+00:00","twitter_card":"summary_large_image","twitter_site":"@FantomiSRB","schema":{"@context":"https:\/\/schema.org","@graph":[{"@type":"WebPage","@id":"https:\/\/puf.rs\/index.php\/pridruzi-se\/","url":"https:\/\/puf.rs\/index.php\/pridruzi-se\/","name":"Pridru\u017ei se &#8902; PUF","isPartOf":{"@id":"https:\/\/puf.rs\/#website"},"datePublished":"2019-08-21T19:36:07+00:00","dateModified":"2021-05-17T00:58:34+00:00","breadcrumb":{"@id":"https:\/\/puf.rs\/index.php\/pridruzi-se\/#breadcrumb"},"inLanguage":"en-US","potentialAction":[{"@type":"ReadAction","target":["https:\/\/puf.rs\/index.php\/pridruzi-se\/"]}]},{"@type":"BreadcrumbList","@id":"https:\/\/puf.rs\/index.php\/pridruzi-se\/#breadcrumb","itemListElement":[{"@type":"ListItem","position":1,"name":"Home","item":"https:\/\/puf.rs\/"},{"@type":"ListItem","position":2,"name":"Pridru\u017ei se"}]},{"@type":"WebSite","@id":"https:\/\/puf.rs\/#website","url":"https:\/\/puf.rs\/","name":"PUF","description":"Pokret ujedinjenih fantoma","publisher":{"@id":"https:\/\/puf.rs\/#organization"},"potentialAction":[{"@type":"SearchAction","target":{"@type":"EntryPoint","urlTemplate":"https:\/\/puf.rs\/?s={search_term_string}"},"query-input":{"@type":"PropertyValueSpecification","valueRequired":true,"valueName":"search_term_string"}}],"inLanguage":"en-US"},{"@type":"Organization","@id":"https:\/\/puf.rs\/#organization","name":"Pokret ujedinjenih fantoma","url":"https:\/\/puf.rs\/","logo":{"@type":"ImageObject","inLanguage":"en-US","@id":"https:\/\/puf.rs\/#\/schema\/logo\/image\/","url":"https:\/\/puf.rs\/wp-content\/uploads\/2019\/08\/logo.png","contentUrl":"https:\/\/puf.rs\/wp-content\/uploads\/2019\/08\/logo.png","width":376,"height":376,"caption":"Pokret ujedinjenih fantoma"},"image":{"@id":"https:\/\/puf.rs\/#\/schema\/logo\/image\/"},"sameAs":["https:\/\/www.facebook.com\/Pokretujedinjenihfantoma\/","https:\/\/x.com\/FantomiSRB","https:\/\/www.instagram.com\/fantomisrb\/","https:\/\/www.youtube.com\/channel\/UCuKwyPhCS1WsxE0sr-Uzh5Q\/"]}]}},"_links":{"self":[{"href":"https:\/\/puf.rs\/index.php\/wp-json\/wp\/v2\/pages\/96","targetHints":{"allow":["GET"]}}],"collection":[{"href":"https:\/\/puf.rs\/index.php\/wp-json\/wp\/v2\/pages"}],"about":[{"href":"https:\/\/puf.rs\/index.php\/wp-json\/wp\/v2\/types\/page"}],"author":[{"embeddable":true,"href":"https:\/\/puf.rs\/index.php\/wp-json\/wp\/v2\/users\/2"}],"replies":[{"embeddable":true,"href":"https:\/\/puf.rs\/index.php\/wp-json\/wp\/v2\/comments?post=96"}],"version-history":[{"count":4,"href":"https:\/\/puf.rs\/index.php\/wp-json\/wp\/v2\/pages\/96\/revisions"}],"predecessor-version":[{"id":597,"href":"https:\/\/puf.rs\/index.php\/wp-json\/wp\/v2\/pages\/96\/revisions\/597"}],"wp:attachment":[{"href":"https:\/\/puf.rs\/index.php\/wp-json\/wp\/v2\/media?parent=96"}],"curies":[{"name":"wp","href":"https:\/\/api.w.org\/{rel}","templated":true}]}}