{"id":98,"date":"2019-08-21T19:47:55","date_gmt":"2019-08-21T19:47:55","guid":{"rendered":"http:\/\/puf.rs\/wordpress\/?page_id=98"},"modified":"2021-05-17T16:56:50","modified_gmt":"2021-05-17T14:56:50","slug":"doniraj-puf","status":"publish","type":"page","link":"https:\/\/puf.rs\/index.php\/doniraj-puf\/","title":{"rendered":"Doniraj PUF"},"content":{"rendered":"<div class=\"n2_clear\"><ss3-force-full-width data-overflow-x=\"body\" data-horizontal-selector=\"body\"><div class=\"n2-section-smartslider fitvidsignore  n2_clear\" data-ssid=\"6\" tabindex=\"0\" role=\"region\" aria-label=\"Slider\"><div id=\"n2-ss-6-align\" class=\"n2-ss-align\"><div class=\"n2-padding\"><div id=\"n2-ss-6\" data-creator=\"Smart Slider 3\" data-responsive=\"fullwidth\" class=\"n2-ss-slider n2-ow n2-has-hover n2notransition  \">\n        <div class=\"n2-ss-slider-1 n2_ss__touch_element n2-ow\">\n            <div class=\"n2-ss-slider-2 n2-ow\">\n                                                <div class=\"n2-ss-slider-3 n2-ow\">\n\n                    <div class=\"n2-ss-slide-backgrounds n2-ow-all\"><div class=\"n2-ss-slide-background\" data-public-id=\"1\" data-mode=\"fill\"><div class=\"n2-ss-slide-background-image\" data-blur=\"0\" data-opacity=\"100\" data-x=\"51\" data-y=\"37\" data-alt=\"\" data-title=\"\" style=\"--ss-o-pos-x:51%;--ss-o-pos-y:37%\"><picture class=\"skip-lazy\" data-skip-lazy=\"1\"><img decoding=\"async\" src=\"\/\/puf.rs\/wp-content\/uploads\/2021\/05\/kontaktpuf.jpg\" alt=\"\" title=\"\" loading=\"lazy\" class=\"skip-lazy\" data-skip-lazy=\"1\"><\/picture><\/div><div data-color=\"RGBA(255,255,255,0)\" style=\"background-color: RGBA(255,255,255,0);\" class=\"n2-ss-slide-background-color\"><\/div><\/div><\/div>                    <div class=\"n2-ss-slider-4 n2-ow\">\n                        <svg xmlns=\"http:\/\/www.w3.org\/2000\/svg\" viewBox=\"0 0 1200 450\" data-related-device=\"desktopPortrait\" class=\"n2-ow n2-ss-preserve-size n2-ss-preserve-size--slider n2-ss-slide-limiter\"><\/svg><div data-first=\"1\" data-slide-duration=\"0\" data-id=\"7\" data-slide-public-id=\"1\" data-title=\"kontaktpuf\" class=\"n2-ss-slide n2-ow  n2-ss-slide-7\"><div role=\"note\" class=\"n2-ss-slide--focus\" tabindex=\"-1\">kontaktpuf<\/div><div class=\"n2-ss-layers-container n2-ss-slide-limiter n2-ow\"><div class=\"n2-ss-layer n2-ow n-uc-fFq1TAWP9zbT\" data-sstype=\"slide\" data-pm=\"default\"><\/div><\/div><\/div>                    <\/div>\n\n                                    <\/div>\n            <\/div>\n        <\/div>\n        <\/div><ss3-loader><\/ss3-loader><\/div><\/div><div class=\"n2_clear\"><\/div><\/div><\/ss3-force-full-width><\/div>\n\n\n<p>Ukoliko \u017eelite da finansijski pomognete rad Pokreta ujedinjenih fantoma, mo\u017eete uplatiti donaciju prema primeru: <\/p>\n\n\n\n<figure class=\"wp-block-image\"><img loading=\"lazy\" decoding=\"async\" width=\"794\" height=\"366\" src=\"http:\/\/puf.rs\/wordpress\/wp-content\/uploads\/2019\/08\/donacijaPUF-2.jpg\" alt=\"\" class=\"wp-image-127\" srcset=\"https:\/\/puf.rs\/wp-content\/uploads\/2019\/08\/donacijaPUF-2.jpg 794w, https:\/\/puf.rs\/wp-content\/uploads\/2019\/08\/donacijaPUF-2-300x138.jpg 300w, https:\/\/puf.rs\/wp-content\/uploads\/2019\/08\/donacijaPUF-2-768x354.jpg 768w\" sizes=\"auto, (max-width: 794px) 100vw, 794px\" \/><\/figure>\n\n\n\n<p>*** \u0160ifra pla\u0107anja: 188 za gotovinske, 288 za bezgotovinske uplate <\/p>\n","protected":false},"excerpt":{"rendered":"<p>Ukoliko \u017eelite da finansijski pomognete rad Pokreta ujedinjenih fantoma, mo\u017eete uplatiti donaciju prema primeru: *** \u0160ifra pla\u0107anja: 188 za gotovinske, 288 za bezgotovinske uplate<\/p>\n","protected":false},"author":2,"featured_media":0,"parent":0,"menu_order":0,"comment_status":"closed","ping_status":"closed","template":"","meta":{"footnotes":""},"class_list":["post-98","page","type-page","status-publish","hentry"],"blocksy_meta":{"styles_descriptor":{"styles":{"desktop":"","tablet":"","mobile":""},"google_fonts":[]}},"yoast_head":"<!-- This site is optimized with the Yoast SEO plugin v26.6 - https:\/\/yoast.com\/wordpress\/plugins\/seo\/ -->\n<title>Doniraj PUF &#8902; PUF<\/title>\n<meta name=\"robots\" content=\"index, follow, max-snippet:-1, max-image-preview:large, max-video-preview:-1\" \/>\n<link rel=\"canonical\" href=\"https:\/\/puf.rs\/index.php\/doniraj-puf\/\" \/>\n<meta property=\"og:locale\" content=\"en_US\" \/>\n<meta property=\"og:type\" content=\"article\" \/>\n<meta property=\"og:title\" content=\"Doniraj PUF &#8902; PUF\" \/>\n<meta property=\"og:description\" content=\"Ukoliko \u017eelite da finansijski pomognete rad Pokreta ujedinjenih fantoma, mo\u017eete uplatiti donaciju prema primeru: *** \u0160ifra pla\u0107anja: 188 za gotovinske, 288 za bezgotovinske uplate\" \/>\n<meta property=\"og:url\" content=\"https:\/\/puf.rs\/index.php\/doniraj-puf\/\" \/>\n<meta property=\"og:site_name\" content=\"PUF\" \/>\n<meta property=\"article:publisher\" content=\"https:\/\/www.facebook.com\/Pokretujedinjenihfantoma\/\" \/>\n<meta property=\"article:modified_time\" content=\"2021-05-17T14:56:50+00:00\" \/>\n<meta property=\"og:image\" content=\"http:\/\/puf.rs\/wordpress\/wp-content\/uploads\/2019\/08\/donacijaPUF-2.jpg\" \/>\n<meta name=\"twitter:card\" content=\"summary_large_image\" \/>\n<meta name=\"twitter:site\" content=\"@FantomiSRB\" \/>\n<script type=\"application\/ld+json\" class=\"yoast-schema-graph\">{\"@context\":\"https:\/\/schema.org\",\"@graph\":[{\"@type\":\"WebPage\",\"@id\":\"https:\/\/puf.rs\/index.php\/doniraj-puf\/\",\"url\":\"https:\/\/puf.rs\/index.php\/doniraj-puf\/\",\"name\":\"Doniraj PUF &#8902; PUF\",\"isPartOf\":{\"@id\":\"https:\/\/puf.rs\/#website\"},\"primaryImageOfPage\":{\"@id\":\"https:\/\/puf.rs\/index.php\/doniraj-puf\/#primaryimage\"},\"image\":{\"@id\":\"https:\/\/puf.rs\/index.php\/doniraj-puf\/#primaryimage\"},\"thumbnailUrl\":\"http:\/\/puf.rs\/wordpress\/wp-content\/uploads\/2019\/08\/donacijaPUF-2.jpg\",\"datePublished\":\"2019-08-21T19:47:55+00:00\",\"dateModified\":\"2021-05-17T14:56:50+00:00\",\"breadcrumb\":{\"@id\":\"https:\/\/puf.rs\/index.php\/doniraj-puf\/#breadcrumb\"},\"inLanguage\":\"en-US\",\"potentialAction\":[{\"@type\":\"ReadAction\",\"target\":[\"https:\/\/puf.rs\/index.php\/doniraj-puf\/\"]}]},{\"@type\":\"ImageObject\",\"inLanguage\":\"en-US\",\"@id\":\"https:\/\/puf.rs\/index.php\/doniraj-puf\/#primaryimage\",\"url\":\"http:\/\/puf.rs\/wordpress\/wp-content\/uploads\/2019\/08\/donacijaPUF-2.jpg\",\"contentUrl\":\"http:\/\/puf.rs\/wordpress\/wp-content\/uploads\/2019\/08\/donacijaPUF-2.jpg\"},{\"@type\":\"BreadcrumbList\",\"@id\":\"https:\/\/puf.rs\/index.php\/doniraj-puf\/#breadcrumb\",\"itemListElement\":[{\"@type\":\"ListItem\",\"position\":1,\"name\":\"Home\",\"item\":\"https:\/\/puf.rs\/\"},{\"@type\":\"ListItem\",\"position\":2,\"name\":\"Doniraj PUF\"}]},{\"@type\":\"WebSite\",\"@id\":\"https:\/\/puf.rs\/#website\",\"url\":\"https:\/\/puf.rs\/\",\"name\":\"PUF\",\"description\":\"Pokret ujedinjenih fantoma\",\"publisher\":{\"@id\":\"https:\/\/puf.rs\/#organization\"},\"potentialAction\":[{\"@type\":\"SearchAction\",\"target\":{\"@type\":\"EntryPoint\",\"urlTemplate\":\"https:\/\/puf.rs\/?s={search_term_string}\"},\"query-input\":{\"@type\":\"PropertyValueSpecification\",\"valueRequired\":true,\"valueName\":\"search_term_string\"}}],\"inLanguage\":\"en-US\"},{\"@type\":\"Organization\",\"@id\":\"https:\/\/puf.rs\/#organization\",\"name\":\"Pokret ujedinjenih fantoma\",\"url\":\"https:\/\/puf.rs\/\",\"logo\":{\"@type\":\"ImageObject\",\"inLanguage\":\"en-US\",\"@id\":\"https:\/\/puf.rs\/#\/schema\/logo\/image\/\",\"url\":\"https:\/\/puf.rs\/wp-content\/uploads\/2019\/08\/logo.png\",\"contentUrl\":\"https:\/\/puf.rs\/wp-content\/uploads\/2019\/08\/logo.png\",\"width\":376,\"height\":376,\"caption\":\"Pokret ujedinjenih fantoma\"},\"image\":{\"@id\":\"https:\/\/puf.rs\/#\/schema\/logo\/image\/\"},\"sameAs\":[\"https:\/\/www.facebook.com\/Pokretujedinjenihfantoma\/\",\"https:\/\/x.com\/FantomiSRB\",\"https:\/\/www.instagram.com\/fantomisrb\/\",\"https:\/\/www.youtube.com\/channel\/UCuKwyPhCS1WsxE0sr-Uzh5Q\/\"]}]}<\/script>\n<!-- \/ Yoast SEO plugin. -->","yoast_head_json":{"title":"Doniraj PUF &#8902; PUF","robots":{"index":"index","follow":"follow","max-snippet":"max-snippet:-1","max-image-preview":"max-image-preview:large","max-video-preview":"max-video-preview:-1"},"canonical":"https:\/\/puf.rs\/index.php\/doniraj-puf\/","og_locale":"en_US","og_type":"article","og_title":"Doniraj PUF &#8902; PUF","og_description":"Ukoliko \u017eelite da finansijski pomognete rad Pokreta ujedinjenih fantoma, mo\u017eete uplatiti donaciju prema primeru: *** \u0160ifra pla\u0107anja: 188 za gotovinske, 288 za bezgotovinske uplate","og_url":"https:\/\/puf.rs\/index.php\/doniraj-puf\/","og_site_name":"PUF","article_publisher":"https:\/\/www.facebook.com\/Pokretujedinjenihfantoma\/","article_modified_time":"2021-05-17T14:56:50+00:00","og_image":[{"url":"http:\/\/puf.rs\/wordpress\/wp-content\/uploads\/2019\/08\/donacijaPUF-2.jpg","type":"","width":"","height":""}],"twitter_card":"summary_large_image","twitter_site":"@FantomiSRB","schema":{"@context":"https:\/\/schema.org","@graph":[{"@type":"WebPage","@id":"https:\/\/puf.rs\/index.php\/doniraj-puf\/","url":"https:\/\/puf.rs\/index.php\/doniraj-puf\/","name":"Doniraj PUF &#8902; PUF","isPartOf":{"@id":"https:\/\/puf.rs\/#website"},"primaryImageOfPage":{"@id":"https:\/\/puf.rs\/index.php\/doniraj-puf\/#primaryimage"},"image":{"@id":"https:\/\/puf.rs\/index.php\/doniraj-puf\/#primaryimage"},"thumbnailUrl":"http:\/\/puf.rs\/wordpress\/wp-content\/uploads\/2019\/08\/donacijaPUF-2.jpg","datePublished":"2019-08-21T19:47:55+00:00","dateModified":"2021-05-17T14:56:50+00:00","breadcrumb":{"@id":"https:\/\/puf.rs\/index.php\/doniraj-puf\/#breadcrumb"},"inLanguage":"en-US","potentialAction":[{"@type":"ReadAction","target":["https:\/\/puf.rs\/index.php\/doniraj-puf\/"]}]},{"@type":"ImageObject","inLanguage":"en-US","@id":"https:\/\/puf.rs\/index.php\/doniraj-puf\/#primaryimage","url":"http:\/\/puf.rs\/wordpress\/wp-content\/uploads\/2019\/08\/donacijaPUF-2.jpg","contentUrl":"http:\/\/puf.rs\/wordpress\/wp-content\/uploads\/2019\/08\/donacijaPUF-2.jpg"},{"@type":"BreadcrumbList","@id":"https:\/\/puf.rs\/index.php\/doniraj-puf\/#breadcrumb","itemListElement":[{"@type":"ListItem","position":1,"name":"Home","item":"https:\/\/puf.rs\/"},{"@type":"ListItem","position":2,"name":"Doniraj PUF"}]},{"@type":"WebSite","@id":"https:\/\/puf.rs\/#website","url":"https:\/\/puf.rs\/","name":"PUF","description":"Pokret ujedinjenih fantoma","publisher":{"@id":"https:\/\/puf.rs\/#organization"},"potentialAction":[{"@type":"SearchAction","target":{"@type":"EntryPoint","urlTemplate":"https:\/\/puf.rs\/?s={search_term_string}"},"query-input":{"@type":"PropertyValueSpecification","valueRequired":true,"valueName":"search_term_string"}}],"inLanguage":"en-US"},{"@type":"Organization","@id":"https:\/\/puf.rs\/#organization","name":"Pokret ujedinjenih fantoma","url":"https:\/\/puf.rs\/","logo":{"@type":"ImageObject","inLanguage":"en-US","@id":"https:\/\/puf.rs\/#\/schema\/logo\/image\/","url":"https:\/\/puf.rs\/wp-content\/uploads\/2019\/08\/logo.png","contentUrl":"https:\/\/puf.rs\/wp-content\/uploads\/2019\/08\/logo.png","width":376,"height":376,"caption":"Pokret ujedinjenih fantoma"},"image":{"@id":"https:\/\/puf.rs\/#\/schema\/logo\/image\/"},"sameAs":["https:\/\/www.facebook.com\/Pokretujedinjenihfantoma\/","https:\/\/x.com\/FantomiSRB","https:\/\/www.instagram.com\/fantomisrb\/","https:\/\/www.youtube.com\/channel\/UCuKwyPhCS1WsxE0sr-Uzh5Q\/"]}]}},"_links":{"self":[{"href":"https:\/\/puf.rs\/index.php\/wp-json\/wp\/v2\/pages\/98","targetHints":{"allow":["GET"]}}],"collection":[{"href":"https:\/\/puf.rs\/index.php\/wp-json\/wp\/v2\/pages"}],"about":[{"href":"https:\/\/puf.rs\/index.php\/wp-json\/wp\/v2\/types\/page"}],"author":[{"embeddable":true,"href":"https:\/\/puf.rs\/index.php\/wp-json\/wp\/v2\/users\/2"}],"replies":[{"embeddable":true,"href":"https:\/\/puf.rs\/index.php\/wp-json\/wp\/v2\/comments?post=98"}],"version-history":[{"count":7,"href":"https:\/\/puf.rs\/index.php\/wp-json\/wp\/v2\/pages\/98\/revisions"}],"predecessor-version":[{"id":653,"href":"https:\/\/puf.rs\/index.php\/wp-json\/wp\/v2\/pages\/98\/revisions\/653"}],"wp:attachment":[{"href":"https:\/\/puf.rs\/index.php\/wp-json\/wp\/v2\/media?parent=98"}],"curies":[{"name":"wp","href":"https:\/\/api.w.org\/{rel}","templated":true}]}}